{"id":507,"date":"2022-06-23T14:03:06","date_gmt":"2022-06-23T11:03:06","guid":{"rendered":"https:\/\/dinasas.md\/?post_type=product&#038;p=507"},"modified":"2026-02-05T10:54:01","modified_gmt":"2026-02-05T08:54:01","slug":"klej-dunlop-m27","status":"publish","type":"product","link":"https:\/\/dinasas.md\/ro\/shop\/klej\/klej-dunlop-m27\/","title":{"rendered":"Adhezive Dunlop M27"},"content":{"rendered":"<div class=\"wpb-content-wrapper\"><div class=\"vc_row wpb_row vc_row-fluid wd-rs-62ac482e93c47\"><div class=\"wpb_column vc_column_container vc_col-sm-12\"><div class=\"vc_column-inner\"><div class=\"wpb_wrapper\">\n\t<div class=\"wpb_text_column wpb_content_element\" >\n\t\t<div class=\"wpb_wrapper\">\n\t\t\t<h4 class=\"Y3BBE\" data-hveid=\"CAEQAA\"><span style=\"color: #000000;\"><strong>&nbsp;Adeziv  M27<\/strong> \u2014 este un adeziv de contact pentru temperaturi ridicate pe baz\u0103 de policloropren, conceput pentru utilizare profesional\u0103.  Asigur\u0103 o \u00eembinare durabil\u0103 \u0219i elastic\u0103 a materialelor supuse unor solicit\u0103ri ridicate, cu rezisten\u021b\u0103 la temperaturi de p\u00e2n\u0103 la 80-100 \u00b0C. Este ideal pentru industria mobilierului, industria auto, lucr\u0103ri de finisare \u0219i construc\u021bii.<span class=\"uJ19be notranslate\" data-wiz-uids=\"IyzJv_e,IyzJv_f\"><span class=\"vKEkVd\" data-animation-atomic=\"\" data-wiz-attrbind=\"class=IyzJv_d\/TKHnVd\"><span aria-hidden=\"true\">&nbsp;<\/span><\/span><\/span><\/span><\/h4>\n<h4 data-hveid=\"CAEQAA\"><\/h4>\n<h4 class=\"Y3BBE\" data-hveid=\"CAIQAA\"><span style=\"color: #000000;\"><strong class=\"Yjhzub\">Caracteristici principale \u0219i utilizare  M27:<\/strong><\/span><\/h4>\n<ul class=\"KsbFXc U6u95\">\n<li data-hveid=\"CAMQAA\">\n<h4><span class=\"T286Pc\" style=\"color: #000000;\" data-sfc-cp=\"\"><strong class=\"Yjhzub\">Materiale lipibile:<\/strong> Ideal pentru piele, cauciuc, p\u00e2sl\u0103, spum\u0103 (burete), lemn, placaj, laminat, \u021bes\u0103turi, metal \u0219i plastic.<\/span><\/h4>\n<\/li>\n<li data-hveid=\"CAMQAQ\">\n<h4><span class=\"T286Pc\" style=\"color: #000000;\" data-sfc-cp=\"\"><strong class=\"Yjhzub\">Domenii de utilizare:<\/strong>&nbsp;Finisarea interiorului autovehiculelor (tavane, podele), produc\u021bia de mobilier, lipirea pardoselilor, lucr\u0103ri de construc\u021bii \u0219i t\u00e2mpl\u0103rie.<\/span><\/h4>\n<\/li>\n<li data-hveid=\"CAMQAg\">\n<h4><span class=\"T286Pc\" style=\"color: #000000;\" data-sfc-cp=\"\"><strong class=\"Yjhzub\">Tip:<\/strong>&nbsp;De contact (se aplic\u0103 pe ambele suprafe\u021be, necesit\u0103 timp de expunere).<\/span><\/h4>\n<\/li>\n<li data-hveid=\"CAMQAw\">\n<h4><span class=\"T286Pc\" style=\"color: #000000;\" data-sfc-cp=\"\"><strong class=\"Yjhzub\">Aplicare:<\/strong>&nbsp;Se recomand\u0103 metoda pulveriz\u0103rii pentru o distribu\u021bie uniform\u0103.<\/span><\/h4>\n<\/li>\n<li data-hveid=\"CAMQBA\">\n<h4><span class=\"T286Pc\" style=\"color: #000000;\" data-sfc-cp=\"\"><strong class=\"Yjhzub\">Rezisten\u021b\u0103 termic\u0103:<\/strong>&nbsp;\u00cenalt\u0103, rezist\u0103 la temperaturi cuprinse \u00eentre 80 \u0219i 100 \u00b0C.<\/span><\/h4>\n<\/li>\n<li data-hveid=\"CAMQBQ\">\n<h4><span style=\"color: #000000;\"><span class=\"T286Pc\" data-sfc-cp=\"\"><strong class=\"Yjhzub\">Caracteristici:<\/strong>&nbsp;Asigur\u0103 o priz\u0103 ini\u021bial\u0103 rapid\u0103 \u0219i o rezisten\u021b\u0103 final\u0103 ridicat\u0103 a \u00eembin\u0103rii.<\/span><span class=\"uJ19be notranslate\" data-wiz-uids=\"IyzJv_18,IyzJv_19\"><span class=\"vKEkVd\" data-animation-atomic=\"\" data-wiz-attrbind=\"class=IyzJv_17\/TKHnVd\"><span aria-hidden=\"true\"><br \/>\n<\/span><\/span><\/span><\/span> <img loading=\"lazy\" decoding=\"async\" class=\"alignnone size-full wp-image-2127\" src=\"https:\/\/dinasas.md\/wp-content\/uploads\/pt2.png\" alt=\"\" width=\"280\" height=\"280\" srcset=\"https:\/\/dinasas.md\/wp-content\/uploads\/pt2.png 280w, https:\/\/dinasas.md\/wp-content\/uploads\/pt2-150x150.png 150w, https:\/\/dinasas.md\/wp-content\/uploads\/pt2-12x12.png 12w\" sizes=\"auto, (max-width: 280px) 100vw, 280px\" \/><img loading=\"lazy\" decoding=\"async\" class=\"alignnone size-full wp-image-2128\" src=\"https:\/\/dinasas.md\/wp-content\/uploads\/pt3.png\" alt=\"\" width=\"285\" height=\"247\" srcset=\"https:\/\/dinasas.md\/wp-content\/uploads\/pt3.png 285w, https:\/\/dinasas.md\/wp-content\/uploads\/pt3-14x12.png 14w, https:\/\/dinasas.md\/wp-content\/uploads\/pt3-150x130.png 150w\" sizes=\"auto, (max-width: 285px) 100vw, 285px\" \/><\/h4>\n<\/li>\n<\/ul>\n\n\t\t<\/div>\n\t<\/div>\n<\/div><\/div><\/div><\/div>\n<\/div>","protected":false},"excerpt":{"rendered":"&nbsp;\u041a\u043b\u0435\u0439&nbsp; M27 \u2014 \u044d\u0442\u043e \u0432\u044b\u0441\u043e\u043a\u043e\u0442\u0435\u043c\u043f\u0435\u0440\u0430\u0442\u0443\u0440\u043d\u044b\u0439 \u043a\u043e\u043d\u0442\u0430\u043a\u0442\u043d\u044b\u0439 \u043a\u043b\u0435\u0439 \u043d\u0430 \u043e\u0441\u043d\u043e\u0432\u0435 \u043f\u043e\u043b\u0438\u0445\u043b\u043e\u0440\u043e\u043f\u0440\u0435\u043d\u0430, \u0440\u0430\u0437\u0440\u0430\u0431\u043e\u0442\u0430\u043d\u043d\u044b\u0439 \u0434\u043b\u044f \u043f\u0440\u043e\u0444\u0435\u0441\u0441\u0438\u043e\u043d\u0430\u043b\u044c\u043d\u043e\u0433\u043e \u043f\u0440\u0438\u043c\u0435\u043d\u0435\u043d\u0438\u044f. &nbsp;\u041e\u043d \u043e\u0431\u0435\u0441\u043f\u0435\u0447\u0438\u0432\u0430\u0435\u0442 \u043f\u0440\u043e\u0447\u043d\u043e\u0435, \u044d\u043b\u0430\u0441\u0442\u0438\u0447\u043d\u043e\u0435 \u0441\u043e\u0435\u0434\u0438\u043d\u0435\u043d\u0438\u0435 \u043c\u0430\u0442\u0435\u0440\u0438\u0430\u043b\u043e\u0432,","protected":false},"featured_media":508,"template":"","meta":{"_monsterinsights_skip_tracking":false,"_monsterinsights_sitenote_active":false,"_monsterinsights_sitenote_note":"","_monsterinsights_sitenote_category":0},"product_brand":[],"product_cat":[19],"product_tag":[],"class_list":{"0":"post-507","1":"product","2":"type-product","3":"status-publish","4":"has-post-thumbnail","6":"product_cat-klej","8":"first","9":"instock","10":"shipping-taxable","11":"product-type-simple"},"jetpack_sharing_enabled":true,"_links":{"self":[{"href":"https:\/\/dinasas.md\/ro\/wp-json\/wp\/v2\/product\/507","targetHints":{"allow":["GET"]}}],"collection":[{"href":"https:\/\/dinasas.md\/ro\/wp-json\/wp\/v2\/product"}],"about":[{"href":"https:\/\/dinasas.md\/ro\/wp-json\/wp\/v2\/types\/product"}],"wp:featuredmedia":[{"embeddable":true,"href":"https:\/\/dinasas.md\/ro\/wp-json\/wp\/v2\/media\/508"}],"wp:attachment":[{"href":"https:\/\/dinasas.md\/ro\/wp-json\/wp\/v2\/media?parent=507"}],"wp:term":[{"taxonomy":"product_brand","embeddable":true,"href":"https:\/\/dinasas.md\/ro\/wp-json\/wp\/v2\/product_brand?post=507"},{"taxonomy":"product_cat","embeddable":true,"href":"https:\/\/dinasas.md\/ro\/wp-json\/wp\/v2\/product_cat?post=507"},{"taxonomy":"product_tag","embeddable":true,"href":"https:\/\/dinasas.md\/ro\/wp-json\/wp\/v2\/product_tag?post=507"}],"curies":[{"name":"wp","href":"https:\/\/api.w.org\/{rel}","templated":true}]}}