{"id":504,"date":"2022-06-23T14:01:21","date_gmt":"2022-06-23T11:01:21","guid":{"rendered":"https:\/\/dinasas.md\/?post_type=product&#038;p=504"},"modified":"2026-01-30T09:11:50","modified_gmt":"2026-01-30T07:11:50","slug":"klej-dunlop-postforming","status":"publish","type":"product","link":"https:\/\/dinasas.md\/ro\/shop\/klej\/klej-dunlop-postforming\/","title":{"rendered":"Adhezive Dunlop Postforming"},"content":{"rendered":"<div class=\"wpb-content-wrapper\"><div class=\"vc_row wpb_row vc_row-fluid\"><div class=\"wpb_column vc_column_container vc_col-sm-12\"><div class=\"vc_column-inner\"><div class=\"wpb_wrapper\">\n\t<div class=\"wpb_text_column wpb_content_element\" >\n\t\t<div class=\"wpb_wrapper\">\n\t\t\t<div data-subtree=\"aimfl,mfl\" data-processed=\"true\">\n<!--Sv6Kpe&#091;&#093;--><\/div>\n<h4 class=\"Y3BBE\" data-hveid=\"CAEQAA\" data-processed=\"true\">&nbsp; <span style=\"color: #000000;\"><strong>Postforming<\/strong><!--Sv6Kpe&#091;&#093;--> \u2014 este un adeziv de contact de \u00eenalt\u0103 calitate pe baz\u0103 de cauciucuri sintetice, conceput special  pentru fabricarea \u0219i repararea <strong>salonuri auto<\/strong>, pentru covoare, <strong>piele natural\u0103 \u0219i artificial\u0103<\/strong> pe diverse suprafe\u021be, precum \u0219i laminat (HPL\/CPL) pe MDF\/DSP, \u00een special pe suprafe\u021be curbate. Asigur\u0103 o aderen\u021b\u0103 ridicat\u0103 <strong>rezisten\u021b\u0103 termic\u0103, rezisten\u021b\u0103 a \u00eembin\u0103rii \u0219i priz\u0103 rapid\u0103.<\/strong><span class=\"uJ19be notranslate\" data-wiz-uids=\"yopYx_c,yopYx_d\" data-processed=\"true\"><span class=\"vKEkVd\" data-animation-atomic=\"\" data-wiz-attrbind=\"class=yopYx_b\/TKHnVd\" data-processed=\"true\">&nbsp;<\/span><!--Sv6Kpe&#091;&#091;null,null,&quot;d9dcf177-d5ba-455a-878c-d2bf972d69b4&quot;,null,null,1,0,&quot;&quot;,&quot;&quot;&#093;&#093;--><\/span><!--Sv6Kpe&#091;&#093;--><\/span><\/h4>\n<h4 data-crb-el=\"Hrp5ac\" data-processed=\"true\"><span style=\"color: #000000;\"><!--Sv6Kpe&#091;&#091;&quot;d9dcf177-d5ba-455a-878c-d2bf972d69b4&quot;,&#091;&quot;\u041a\u043b\u0435\u0439 \u0434\u043b\u044f \u043f\u043e\u0441\u0442\u0444\u043e\u0440\u043c\u0438\u0440\u043e\u0432\u0430\u043d\u0438\u044f Kimyapsan 3 \u043a\u0433 | \u0421\u0435\u043a\u0435\u0440\u0447\u0438 \u041a\u0443\u043c\u0430\u0441&quot;,&quot;\u041a\u043e\u043b\u0438\u0447\u0435\u0441\u0442\u0432\u043e \u0442\u043e\u0432\u0430\u0440\u0430 Kimyapsan Postforming Adhesive 3 KG. \u0412 \u043a\u043e\u0440\u0437\u0438\u043d\u0435. \u041a\u0430\u0442\u0435\u0433\u043e\u0440\u0438\u044f: \u041a\u043b\u0435\u0438 \u041c\u0435\u0442\u043a\u0438: \u043a\u043b\u0435\u0438 \u0414\u0430\u043d\u043b\u043e\u043f, \u043a\u0438\u043c\u044c\u044f\u043f\u0441\u0430\u043d \u043a\u043b\u0435\u0438. \u041e\u043f\u0438\u0441\u0430\u043d\u0438\u0435; De...&quot;,&quot;https:\/\/encrypted-tbn1.gstatic.com\/faviconV2?url\\u003dhttps:\/\/sekerciotokumas.com\\u0026client\\u003dAIM\\u0026size\\u003d128\\u0026type\\u003dFAVICON\\u0026fallback_opts\\u003dTYPE,SIZE,URL&quot;,&quot;https:\/\/sekerciotokumas.com&quot;,&#091;&quot;\u015eekerci Kuma\u015f&quot;&#093;,&quot;https:\/\/sekerciotokumas.com\/en\/?product\\u003dkimyapsan-postforming-adhesive-3-kg\\u0026lang\\u003dru&quot;,null,null,&quot;2&quot;,null,&#091;114,null,null,null,null,null,null,null,1&#093;,&#091;&quot;https:\/\/encrypted-tbn0.gstatic.com\/images?q\\u003dtbn:ANd9GcQe13EDjn8fP0HtRG3rJwamtBgHHcfH86YQweo19yIhIBWNMWLm&quot;,&quot;&quot;,&#091;null,2&#093;,null,null,194,259,&quot;pSOQThUI&quot;&#093;,0,&#091;&#091;1769756048709979,66144353,3224013237&#093;,null,null,null,null,&#091;&#091;0,0,1&#093;&#093;&#093;,null,0,null,0,null,&#091;null,null,null,null,null,null,null,null,null,null,null,null,null,null,null,null,null,&quot;https:\/\/sekerciotokumas.com\/en\/?product\\u003dkimyapsan-postforming-adhesive-3-kg\\u0026lang\\u003dru&quot;,null,null,null,null,&#091;null,null,null,null,null,null,&#091;null,null,null,&quot;\/search\/about-this-result?origin\\u003dwww.google.com\\u0026req\\u003dClNodHRwczovL3Nla2VyY2lvdG9rdW1hcy5jb20vZW4vP3Byb2R1Y3Q9a2lteWFwc2FuLXBvc3Rmb3JtaW5nLWFkaGVzaXZlLTMta2cmbGFuZz1ydRItCiEKAghxChsIXWIXCgxjb3VudHJ5X25hbWUSB01vbGRvdmESBAoCCEcaAggAGgAiAhABSABYAGgA\\u0026hl\\u003dru-MD\\u0026gl\\u003dMD&quot;&#093;,&quot;https:\/\/www.google.com&quot;&#093;,null,null,null,null,null,null,null,null,&#091;&quot;\u041a\u043b\u0435\u0439 \u0434\u043b\u044f \u043f\u043e\u0441\u0442\u0444\u043e\u0440\u043c\u0438\u0440\u043e\u0432\u0430\u043d\u0438\u044f Kimyapsan 3 \u043a\u0433 | \u0421\u0435\u043a\u0435\u0440\u0447\u0438 \u041a\u0443\u043c\u0430\u0441&quot;,&quot;\u041a\u043e\u043b\u0438\u0447\u0435\u0441\u0442\u0432\u043e \u0442\u043e\u0432\u0430\u0440\u0430 Kimyapsan Postforming Adhesive 3 KG. \u0412 \u043a\u043e\u0440\u0437\u0438\u043d\u0435. \u041a\u0430\u0442\u0435\u0433\u043e\u0440\u0438\u044f: \u041a\u043b\u0435\u0438 \u041c\u0435\u0442\u043a\u0438: \u043a\u043b\u0435\u0438 \u0414\u0430\u043d\u043b\u043e\u043f, \u043a\u0438\u043c\u044c\u044f\u043f\u0441\u0430\u043d \u043a\u043b\u0435\u0438. \u041e\u043f\u0438\u0441\u0430\u043d\u0438\u0435; Details. \u041e\u043f\u0438\u0441\u0430\u043d\u0438\u0435. \u041e\u043d ...&quot;,&quot;\u015eekerci Kuma\u015f&quot;,&quot;https:\/\/encrypted-tbn1.gstatic.com\/faviconV2?url\\u003dhttps:\/\/sekerciotokumas.com\\u0026client\\u003dAIM\\u0026size\\u003d128\\u0026type\\u003dFAVICON\\u0026fallback_opts\\u003dTYPE,SIZE,URL&quot;&#093;,&#091;null,1,&#091;null,null,5,null,&quot;\u041a\u043b\u0435\u0439 \u0434\u043b\u044f \u043f\u043e\u0441\u0442\u0444\u043e\u0440\u043c\u0438\u0440\u043e\u0432\u0430\u043d\u0438\u044f Kimyapsan 3 \u043a\u0433 | \u0421\u0435\u043a\u0435\u0440\u0447\u0438 \u041a\u0443\u043c\u0430\u0441&quot;,null,&quot;https:\/\/sekerciotokumas.com\/en\/?product\\u003dkimyapsan-postforming-adhesive-3-kg\\u0026lang\\u003dru&quot;&#093;,null,null,null,null,&#091;&quot;https:\/\/sekerciotokumas.com\/en\/?product\\u003dkimyapsan-postforming-adhesive-3-kg\\u0026lang\\u003dru&quot;,null,null,null,38,&quot;\u0418\u0441\u0442\u043e\u0447\u043d\u0438\u043a: \u015eekerci Kuma\u015f&quot;&#093;,2,null,null,&#091;&quot;MAGI_FEATURE&quot;,null,&quot;BLUR&quot;,0,0,0,null,&quot;https:\/\/sekerciotokumas.com\/en\/?product\\u003dkimyapsan-postforming-adhesive-3-kg\\u0026lang\\u003dru&quot;&#093;&#093;&#093;,0,null,null,null,null,null,null,0,null,null,null,null,null,null,null,null,null,0&#093;,0&#093;&#093;--><\/span><\/h4>\n<h4 data-crb-el=\"Hrp5ac\" data-processed=\"true\"><span style=\"color: #000000;\"><!--Sv6Kpe&#091;&#091;&quot;d9dcf177-d5ba-455a-878c-d2bf972d69b4&quot;,&#091;&quot;\u041a\u043b\u0435\u0439 Postforming | \u041c\u0430\u0433\u0430\u0437\u0438\u043d \u0414\\u0026\u041f - \u0412\u0441\u0456 \u0442\u043e\u0432\u0430\u0440\u0438&quot;,&quot;\u041a\u043b\u0435\u0439 Postforming * \u0422\u0435\u0445\u043d\u0456\u0447\u043d\u0456 \u0445\u0430\u0440\u0430\u043a\u0442\u0435\u0440\u0438\u0441\u0442\u0438\u043a\u0438 \u0412\u0430\u0433\u0430: 15 \u043a\u0433 \u041e\u0441\u043d\u043e\u0432\u043d\u0456 \u043a\u043e\u043c\u043f\u043e\u043d\u0435\u043d\u0442\u0438: \u0421\u0438\u043d\u0442\u0435\u0442\u0438\u0447\u043d\u0456 \u0441\u043c\u043e\u043b\u0438 \u043d\u0430 \u043e\u0441\u043d\u043e\u0432\u0456 \u043a\u0430\u0443\u0447\u0443\u043a\u0443 \u041a\u043e\u043b\u0456\u0440: \u0427\u0435\u0440\u0432\u043e\u043d\u0438\u0439 \u0412&#39;\u044f\u0437...&quot;,&quot;https:\/\/encrypted-tbn3.gstatic.com\/faviconV2?url\\u003dhttps:\/\/www.store-dunlop.com\\u0026client\\u003dAIM\\u0026size\\u003d128\\u0026type\\u003dFAVICON\\u0026fallback_opts\\u003dTYPE,SIZE,URL&quot;,&quot;https:\/\/www.store-dunlop.com&quot;,&#091;&quot;www.store-dunlop.com&quot;&#093;,&quot;https:\/\/www.store-dunlop.com\/product-page\/%D0%BA%D0%BB%D0%B5%D0%B9-postforming&quot;,null,null,&quot;4&quot;,null,&#091;114,null,null,null,null,null,null,null,1&#093;,&#091;&quot;https:\/\/encrypted-tbn1.gstatic.com\/images?q\\u003dtbn:ANd9GcTGNWLB3goHsHHF5-YO-bJlv5kaIHyBe_lJIhCYSCcTtbBJVPUm&quot;,&quot;&quot;,&#091;null,2&#093;,null,null,224,224,&quot;nTOM6pkH&quot;&#093;,0,&#091;&#091;1769756048709979,66144353,3224013237&#093;,null,null,null,null,&#091;&#091;0,0,2&#093;&#093;&#093;,null,0,null,0,null,&#091;null,null,null,null,null,null,null,null,null,null,null,null,null,null,null,null,null,&quot;https:\/\/www.store-dunlop.com\/product-page\/%D0%BA%D0%BB%D0%B5%D0%B9-postforming&quot;,null,null,null,null,&#091;null,null,null,null,null,null,&#091;null,null,null,&quot;\/search\/about-this-result?origin\\u003dwww.google.com\\u0026req\\u003dCk5odHRwczovL3d3dy5zdG9yZS1kdW5sb3AuY29tL3Byb2R1Y3QtcGFnZS8lRDAlQkElRDAlQkIlRDAlQjUlRDAlQjktcG9zdGZvcm1pbmcSLQohCgIIcQobCF1iFwoMY291bnRyeV9uYW1lEgdNb2xkb3ZhEgQKAghHGgIIABoAIgIQAUgAWABoAA\\u0026hl\\u003dru-MD\\u0026gl\\u003dMD&quot;&#093;,&quot;https:\/\/www.google.com&quot;&#093;,null,null,null,null,null,null,null,null,&#091;&quot;\u041a\u043b\u0435\u0439 Postforming | \u041c\u0430\u0433\u0430\u0437\u0438\u043d \u0414\\u0026\u041f - \u0412\u0441\u0456 \u0442\u043e\u0432\u0430\u0440\u0438&quot;,&quot;\u041a\u043b\u0435\u0439 Postforming * \u0422\u0435\u0445\u043d\u0456\u0447\u043d\u0456 \u0445\u0430\u0440\u0430\u043a\u0442\u0435\u0440\u0438\u0441\u0442\u0438\u043a\u0438 \u0412\u0430\u0433\u0430: 15 \u043a\u0433 \u041e\u0441\u043d\u043e\u0432\u043d\u0456 \u043a\u043e\u043c\u043f\u043e\u043d\u0435\u043d\u0442\u0438: \u0421\u0438\u043d\u0442\u0435\u0442\u0438\u0447\u043d\u0456 \u0441\u043c\u043e\u043b\u0438 \u043d\u0430 \u043e\u0441\u043d\u043e\u0432\u0456 \u043a\u0430\u0443\u0447\u0443\u043a\u0443 \u041a\u043e\u043b\u0456\u0440: \u0427\u0435\u0440\u0432\u043e\u043d\u0438\u0439 \u0412&#39;\u044f\u0437\u043a\u0456\u0441\u0442\u044c: \u0412\u0438\u0441\u043e\u043a\u0430, 2000-3000 \u043c\u041f\u0430\u00b7\u0441 (\u043f&quot;,&quot;www.store-dunlop.com&quot;,&quot;https:\/\/encrypted-tbn3.gstatic.com\/faviconV2?url\\u003dhttps:\/\/www.store-dunlop.com\\u0026client\\u003dAIM\\u0026size\\u003d128\\u0026type\\u003dFAVICON\\u0026fallback_opts\\u003dTYPE,SIZE,URL&quot;&#093;,&#091;null,1,&#091;null,null,5,null,&quot;\u041a\u043b\u0435\u0439 Postforming | \u041c\u0430\u0433\u0430\u0437\u0438\u043d \u0414\\u0026\u041f - \u0412\u0441\u0456 \u0442\u043e\u0432\u0430\u0440\u0438&quot;,null,&quot;https:\/\/www.store-dunlop.com\/product-page\/%D0%BA%D0%BB%D0%B5%D0%B9-postforming&quot;&#093;,null,null,null,null,&#091;&quot;https:\/\/www.store-dunlop.com\/product-page\/%D0%BA%D0%BB%D0%B5%D0%B9-postforming&quot;,null,null,null,38,&quot;\u0418\u0441\u0442\u043e\u0447\u043d\u0438\u043a: www.store-dunlop.com&quot;&#093;,2,null,null,&#091;&quot;MAGI_FEATURE&quot;,null,&quot;BLUR&quot;,0,0,0,null,&quot;https:\/\/www.store-dunlop.com\/product-page\/%D0%BA%D0%BB%D0%B5%D0%B9-postforming&quot;&#093;&#093;&#093;,0,null,null,null,null,null,null,0,null,null,null,null,null,null,null,null,null,0&#093;,0&#093;&#093;--><\/span><\/h4>\n<h4 class=\"Y3BBE\" data-hveid=\"CAIQAA\" data-processed=\"true\"><span style=\"color: #000000;\"><strong class=\"Yjhzub\" data-processed=\"true\">Caracteristici principale:<!--Sv6Kpe&#091;&#093;--><\/strong><span class=\"txxDge notranslate\" data-wiz-uids=\"yopYx_j,yopYx_k\" data-processed=\"true\"><span class=\"vKEkVd\" data-animation-atomic=\"\" data-wiz-attrbind=\"class=yopYx_i\/TKHnVd\" data-processed=\"true\">&nbsp;<\/span><!--Sv6Kpe&#091;&#091;null,null,&quot;333d0376-a5e8-4304-b33b-c5b957919c1f&quot;,null,null,0,0,&quot;&quot;,&quot;&quot;&#093;&#093;--><\/span><!--Sv6Kpe&#091;&#093;--><\/span><\/h4>\n<ul class=\"KsbFXc U6u95\" data-processed=\"true\">\n<li data-hveid=\"CAMQAA\" data-processed=\"true\">\n<h4><span style=\"color: #000000;\"><span class=\"T286Pc\" data-sfc-cp=\"\" data-processed=\"true\"><strong class=\"Yjhzub\" data-processed=\"true\">Structura<!--Sv6Kpe&#091;&#093;--><\/strong> Smoluri sintetice pe baz\u0103 de cauciuc.<!--Sv6Kpe&#091;&#093;--><\/span><!--Sv6Kpe&#091;&#093;--><\/span><\/h4>\n<\/li>\n<li data-hveid=\"CAMQAQ\" data-processed=\"true\">\n<h4><span class=\"T286Pc\" style=\"color: #000000;\" data-sfc-cp=\"\" data-processed=\"true\"><strong class=\"Yjhzub\" data-processed=\"true\">Rezisten\u021b\u0103 termic\u0103:<!--Sv6Kpe&#091;&#093;--><\/strong> \u00cenalt\u0103, rezist\u0103 la exploatare la temperaturi cuprinse \u00eentre <\/span><span style=\"color: #000000;\"><img decoding=\"async\" role=\"presentation\" draggable=\"false\" src=\"data:image\/gif;base64,R0lGODlhAQABAIAAAP\/\/\/wAAACH5BAEAAAAALAAAAAABAAEAAAICRAEAOw==\" aria-hidden=\"true\" data-xpm-latex=\"-30^{\\circ }C\" data-imglogged=\"true\" data-processed=\"true\">\u221230\u2218\ud835\udc36 p\u00e2n\u0103 la +100\u2218<\/span><\/h4>\n<h4><span style=\"color: #000000;\"><!--Sv6Kpe&#091;&#093;--><\/span><\/h4>\n<\/li>\n<li data-hveid=\"CAMQBA\" data-processed=\"true\">\n<h4><span style=\"color: #000000;\"><span class=\"T286Pc\" data-sfc-cp=\"\" data-processed=\"true\"><strong class=\"Yjhzub\" data-processed=\"true\">&nbsp;Consisten\u021b\u0103:<!--Sv6Kpe&#091;&#093;--><\/strong> \u00cenalt\u0103 (<\/span><img decoding=\"async\" role=\"presentation\" draggable=\"false\" src=\"data:image\/gif;base64,R0lGODlhAQABAIAAAP\/\/\/wAAACH5BAEAAAAALAAAAAABAAEAAAICRAEAOw==\" aria-hidden=\"true\" data-xpm-latex=\"2000-3000\" data-imglogged=\"true\" data-processed=\"true\">2000\u22123000 <span class=\"T286Pc\" data-sfc-cp=\"\" data-processed=\"true\">mPa\u00b7s la<img decoding=\"async\" role=\"presentation\" draggable=\"false\" src=\"data:image\/gif;base64,R0lGODlhAQABAIAAAP\/\/\/wAAACH5BAEAAAAALAAAAAABAAEAAAICRAEAOw==\" aria-hidden=\"true\" data-xpm-latex=\"25^{\\circ }C\" data-imglogged=\"true\" data-processed=\"true\">25\u2218\ud835\udc36<\/span><span class=\"T286Pc\" data-sfc-cp=\"\" data-processed=\"true\">), u\u0219or de aplicat, nu curge.<!--Sv6Kpe&#091;&#093;--><\/span><!--Sv6Kpe&#091;&#093;--><\/span><\/h4>\n<\/li>\n<li data-hveid=\"CAMQBw\" data-processed=\"true\">\n<h4><span style=\"color: #000000;\"><span class=\"T286Pc\" data-sfc-cp=\"\" data-processed=\"true\"><strong class=\"Yjhzub\" data-processed=\"true\">Timpul de expunere deschis\u0103:<img decoding=\"async\" role=\"presentation\" draggable=\"false\" src=\"data:image\/gif;base64,R0lGODlhAQABAIAAAP\/\/\/wAAACH5BAEAAAAALAAAAAABAAEAAAICRAEAOw==\" aria-hidden=\"true\" data-xpm-latex=\"5-15\" data-imglogged=\"true\" data-processed=\"true\">5\u221215 <\/strong><\/span><span class=\"T286Pc\" data-sfc-cp=\"\" data-processed=\"true\">minute (depinde de condi\u021biile mediului).<!--Sv6Kpe&#091;&#093;--><\/span><!--Sv6Kpe&#091;&#093;--><span class=\"T286Pc\" data-sfc-cp=\"\" data-processed=\"true\"><br \/>\n<!--Sv6Kpe&#091;&#093;--><\/span><!--Sv6Kpe&#091;&#093;--><\/span><\/h4>\n<\/li>\n<li data-hveid=\"CAMQCg\" data-processed=\"true\">\n<h4><span style=\"color: #000000;\"><span class=\"T286Pc\" data-sfc-cp=\"\" data-processed=\"true\"><strong class=\"Yjhzub\" data-processed=\"true\">Utilizare:<!--Sv6Kpe&#091;&#093;--><\/strong> <strong>Industria mobilierului \u0219i industria auto.&nbsp;<\/strong><!--Sv6Kpe&#091;&#093;--><\/span><!--Sv6Kpe&#091;&#093;--><\/span><\/h4>\n<\/li>\n<li data-hveid=\"CAMQCw\" data-processed=\"true\">\n<h4><span style=\"color: #000000;\"><span class=\"T286Pc\" data-sfc-cp=\"\" data-processed=\"true\"><strong class=\"Yjhzub\" data-processed=\"true\">Aplicare:<!--Sv6Kpe&#091;&#093;--><\/strong> Pulverizator.<!--Sv6Kpe&#091;&#093;--><\/span><span class=\"uJ19be notranslate\" data-wiz-uids=\"yopYx_1d,yopYx_1e\" data-processed=\"true\"><span class=\"vKEkVd\" data-animation-atomic=\"\" data-wiz-attrbind=\"class=yopYx_1c\/TKHnVd\" data-processed=\"true\"> (4-6 bar)<\/span><!--Sv6Kpe&#091;&#091;null,null,&quot;b914a49c-8710-4c5d-a478-b27229b72127&quot;,null,null,1,0,&quot;&quot;,&quot;&quot;&#093;&#093;--><\/span><!--Sv6Kpe&#091;&#093;--><\/span><\/h4>\n<\/li>\n<p><!--Sv6Kpe&#091;&#093;--><\/ul>\n<h4 data-crb-el=\"sfX1rc\" data-processed=\"true\"><span style=\"color: #000000;\"><!--Sv6Kpe&#091;&#091;&quot;b914a49c-8710-4c5d-a478-b27229b72127&quot;,&quot;4&quot;,0,&quot;https:\/\/www.store-dunlop.com\/product-page\/%D0%BA%D0%BB%D0%B5%D0%B9-postforming&quot;,&quot;https:\/\/encrypted-tbn3.gstatic.com\/faviconV2?url\\u003dhttps:\/\/www.store-dunlop.com\\u0026client\\u003dAIM\\u0026size\\u003d128\\u0026type\\u003dFAVICON\\u0026fallback_opts\\u003dTYPE,SIZE,URL&quot;,&quot;&quot;&#093;&#093;--><\/span><\/h4>\n<h4 class=\"Y3BBE\" data-hveid=\"CAQQAA\" data-processed=\"true\"><span style=\"color: #000000;\"><strong class=\"Yjhzub\" data-processed=\"true\">Avantaje:<!--Sv6Kpe&#091;&#093;--><\/strong><span class=\"txxDge notranslate\" data-wiz-uids=\"yopYx_1j,yopYx_1k\" data-processed=\"true\"><span class=\"vKEkVd\" data-animation-atomic=\"\" data-wiz-attrbind=\"class=yopYx_1i\/TKHnVd\" data-processed=\"true\">&nbsp;<\/span><!--Sv6Kpe&#091;&#091;null,null,&quot;126e3dee-a76c-428c-bc47-ec9da93e2784&quot;,null,null,0,0,&quot;&quot;,&quot;&quot;&#093;&#093;--><\/span><!--Sv6Kpe&#091;&#093;--><\/span><\/h4>\n<ul class=\"KsbFXc U6u95\" data-processed=\"true\">\n<li data-hveid=\"CAUQAA\" data-processed=\"true\">\n<h4><span style=\"color: #000000;\"><span class=\"T286Pc\" data-sfc-cp=\"\" data-processed=\"true\">Rezisten\u021b\u0103 ridicat\u0103 la umiditate \u0219i la substan\u021be chimice (uleiuri, gr\u0103simi).<!--Sv6Kpe&#091;&#093;--><\/span><!--Sv6Kpe&#091;&#093;--><\/span><\/h4>\n<\/li>\n<li data-hveid=\"CAUQAQ\" data-processed=\"true\">\n<h4><span style=\"color: #000000;\"><span class=\"T286Pc\" data-sfc-cp=\"\" data-processed=\"true\">Asigur\u0103 o \u00eembinare durabil\u0103, rezistent\u0103 la solicit\u0103ri.<!--Sv6Kpe&#091;&#093;--><\/span><span class=\"uJ19be notranslate\" data-wiz-uids=\"yopYx_1r,yopYx_1s\" data-processed=\"true\"><span class=\"vKEkVd\" data-animation-atomic=\"\" data-wiz-attrbind=\"class=yopYx_1q\/TKHnVd\" data-processed=\"true\">&nbsp;<\/span><!--Sv6Kpe&#091;&#091;null,null,&quot;23cb2d57-a4fc-4ced-9ed8-f11d3c72aed8&quot;,null,null,1,0,&quot;&quot;,&quot;&quot;&#093;&#093;--><\/span><!--Sv6Kpe&#091;&#093;--><\/span><\/h4>\n<\/li>\n<p><!--Sv6Kpe&#091;&#093;--><\/ul>\n<h4 data-crb-el=\"sfX1rc\" data-processed=\"true\"><span style=\"color: #000000;\"><!--Sv6Kpe&#091;&#091;&quot;23cb2d57-a4fc-4ced-9ed8-f11d3c72aed8&quot;,&quot;4&quot;,0,&quot;https:\/\/www.store-dunlop.com\/product-page\/%D0%BA%D0%BB%D0%B5%D0%B9-postforming&quot;,&quot;https:\/\/encrypted-tbn3.gstatic.com\/faviconV2?url\\u003dhttps:\/\/www.store-dunlop.com\\u0026client\\u003dAIM\\u0026size\\u003d128\\u0026type\\u003dFAVICON\\u0026fallback_opts\\u003dTYPE,SIZE,URL&quot;,&quot;&quot;&#093;&#093;--><\/span><\/h4>\n<h4 class=\"Y3BBE\" data-hveid=\"CAYQAA\" data-processed=\"true\"><span style=\"color: #000000;\">&nbsp; \u00cenainte de utilizare, suprafa\u021ba trebuie cur\u0103\u021bat\u0103 \u0219i uscat\u0103. Adezivul se aplic\u0103 pe ambele suprafe\u021be (\u00een func\u021bie de tipul lucr\u0103rii), se las\u0103 s\u0103 se usuce, apoi piesele se lipesc puternic una de alta.<span class=\"uJ19be notranslate\" data-wiz-uids=\"yopYx_1w,yopYx_1x\" data-processed=\"true\"><span class=\"vKEkVd\" data-animation-atomic=\"\" data-wiz-attrbind=\"class=yopYx_1v\/TKHnVd\" data-processed=\"true\">&nbsp;<\/span><\/span><\/span><\/h4>\n<p><img loading=\"lazy\" decoding=\"async\" class=\"alignnone size-full wp-image-2127\" src=\"https:\/\/dinasas.md\/wp-content\/uploads\/pt2.png\" alt=\"\" width=\"280\" height=\"280\" srcset=\"https:\/\/dinasas.md\/wp-content\/uploads\/pt2.png 280w, https:\/\/dinasas.md\/wp-content\/uploads\/pt2-150x150.png 150w, https:\/\/dinasas.md\/wp-content\/uploads\/pt2-12x12.png 12w\" sizes=\"auto, (max-width: 280px) 100vw, 280px\" \/><img loading=\"lazy\" decoding=\"async\" class=\"alignnone size-full wp-image-2128\" src=\"https:\/\/dinasas.md\/wp-content\/uploads\/pt3.png\" alt=\"\" width=\"285\" height=\"247\" srcset=\"https:\/\/dinasas.md\/wp-content\/uploads\/pt3.png 285w, https:\/\/dinasas.md\/wp-content\/uploads\/pt3-14x12.png 14w, https:\/\/dinasas.md\/wp-content\/uploads\/pt3-150x130.png 150w\" sizes=\"auto, (max-width: 285px) 100vw, 285px\" \/><\/p>\n\n\t\t<\/div>\n\t<\/div>\n<\/div><\/div><\/div><\/div>\n<\/div>","protected":false},"excerpt":{"rendered":"&nbsp; Postforming \u2014 \u044d\u0442\u043e \u0432\u044b\u0441\u043e\u043a\u043e\u043a\u0430\u0447\u0435\u0441\u0442\u0432\u0435\u043d\u043d\u044b\u0439 \u043a\u043e\u043d\u0442\u0430\u043a\u0442\u043d\u044b\u0439 \u043a\u043b\u0435\u0439 \u043d\u0430 \u043e\u0441\u043d\u043e\u0432\u0435 \u0441\u0438\u043d\u0442\u0435\u0442\u0438\u0447\u0435\u0441\u043a\u0438\u0445 \u043a\u0430\u0443\u0447\u0443\u043a\u043e\u0432, \u0440\u0430\u0437\u0440\u0430\u0431\u043e\u0442\u0430\u043d\u043d\u044b\u0439 \u0438\u0434\u0435\u0430\u043b\u044c\u043d\u043e&nbsp; \u0434\u043b\u044f \u0438\u0437\u0433\u043e\u0442\u043e\u0432\u043b\u0435\u043d\u0438\u044f \u0438 \u0440\u0435\u043c\u043e\u043d\u0442\u0430 \u0430\u0432\u0442\u043e\u043c\u043e\u0431\u0438\u043b\u044c\u043d\u044b\u0445 \u0441\u0430\u043b\u043e\u043d\u043e\u0432, \u043d\u0430\u043a\u043b\u0435\u0439\u043a\u0438","protected":false},"featured_media":505,"template":"","meta":{"_monsterinsights_skip_tracking":false,"_monsterinsights_sitenote_active":false,"_monsterinsights_sitenote_note":"","_monsterinsights_sitenote_category":0},"product_brand":[],"product_cat":[19],"product_tag":[],"class_list":{"0":"post-504","1":"product","2":"type-product","3":"status-publish","4":"has-post-thumbnail","6":"product_cat-klej","8":"first","9":"instock","10":"shipping-taxable","11":"product-type-simple"},"jetpack_sharing_enabled":true,"_links":{"self":[{"href":"https:\/\/dinasas.md\/ro\/wp-json\/wp\/v2\/product\/504","targetHints":{"allow":["GET"]}}],"collection":[{"href":"https:\/\/dinasas.md\/ro\/wp-json\/wp\/v2\/product"}],"about":[{"href":"https:\/\/dinasas.md\/ro\/wp-json\/wp\/v2\/types\/product"}],"wp:featuredmedia":[{"embeddable":true,"href":"https:\/\/dinasas.md\/ro\/wp-json\/wp\/v2\/media\/505"}],"wp:attachment":[{"href":"https:\/\/dinasas.md\/ro\/wp-json\/wp\/v2\/media?parent=504"}],"wp:term":[{"taxonomy":"product_brand","embeddable":true,"href":"https:\/\/dinasas.md\/ro\/wp-json\/wp\/v2\/product_brand?post=504"},{"taxonomy":"product_cat","embeddable":true,"href":"https:\/\/dinasas.md\/ro\/wp-json\/wp\/v2\/product_cat?post=504"},{"taxonomy":"product_tag","embeddable":true,"href":"https:\/\/dinasas.md\/ro\/wp-json\/wp\/v2\/product_tag?post=504"}],"curies":[{"name":"wp","href":"https:\/\/api.w.org\/{rel}","templated":true}]}}