{"id":500,"date":"2022-06-23T13:57:01","date_gmt":"2022-06-23T10:57:01","guid":{"rendered":"https:\/\/dinasas.md\/?post_type=product&#038;p=500"},"modified":"2026-01-29T15:01:07","modified_gmt":"2026-01-29T13:01:07","slug":"klej-dunlop-m32","status":"publish","type":"product","link":"https:\/\/dinasas.md\/ro\/shop\/klej\/klej-dunlop-m32\/","title":{"rendered":"Adhezive Dunlop M32"},"content":{"rendered":"<div class=\"wpb-content-wrapper\"><div class=\"vc_row wpb_row vc_row-fluid\"><div class=\"wpb_column vc_column_container vc_col-sm-12\"><div class=\"vc_column-inner\"><div class=\"wpb_wrapper\">\n\t<div class=\"wpb_text_column wpb_content_element\" >\n\t\t<div class=\"wpb_wrapper\">\n\t\t\t<h4 class=\"Y3BBE\" data-hveid=\"CAEQAA\" data-processed=\"true\"><span style=\"color: #000000;\">&nbsp;M-32 este un adeziv de contact foarte rezistent pe baz\u0103 de <strong>policloropren<\/strong>, destinat pentru <strong>mobilier<\/strong> \u0219i <strong>industria auto<\/strong>. Se caracterizeaz\u0103 prin uscare rapid\u0103 (15-20 minute) \u0219i con\u021bine aproximativ 20\u00b11% substan\u021b\u0103 uscat\u0103. Adezivul se utilizeaz\u0103 pentru lipirea <strong>spum\u0103, piele, \u021bes\u0103turi, piele artificial\u0103, p\u00e2sl\u0103 \u0219i textile<\/strong>.<span class=\"uJ19be notranslate\" data-wiz-uids=\"sLWPJd_d,sLWPJd_e\"><span class=\"vKEkVd\" data-animation-atomic=\"\" data-wiz-attrbind=\"class=sLWPJd_c\/TKHnVd\">&nbsp;<\/span><\/span><\/span><\/h4>\n<h4 class=\"Y3BBE\" data-hveid=\"CAIQAA\" data-processed=\"true\"><span style=\"color: #000000;\"><strong class=\"Yjhzub\">Caracteristicile principale ale compozi\u021biei  M-32:<\/strong><\/span><\/h4>\n<ul class=\"KsbFXc U6u95\" data-processed=\"true\">\n<li data-hveid=\"CAMQAA\">\n<h4><span class=\"T286Pc\" style=\"color: #000000;\" data-sfc-cp=\"\"><strong class=\"Yjhzub\">Baza:<\/strong>&nbsp;Policloropren (<strong>adeziv nairitic<\/strong>).<\/span><\/h4>\n<\/li>\n<li data-hveid=\"CAMQAQ\">\n<h4><span class=\"T286Pc\" style=\"color: #000000;\" data-sfc-cp=\"\"><strong class=\"Yjhzub\">Reziduul uscat:<\/strong>&nbsp;20% \u00b1 1.<\/span><\/h4>\n<\/li>\n<li data-hveid=\"CAMQAg\">\n<h4><span class=\"T286Pc\" style=\"color: #000000;\" data-sfc-cp=\"\"><strong class=\"Yjhzub\">Timp de uscare:<\/strong>&nbsp;15\u201320 minute la aplicarea pe dou\u0103 suprafe\u021be.<\/span><\/h4>\n<\/li>\n<li data-hveid=\"CAMQAw\">\n<h4><span class=\"T286Pc\" style=\"color: #000000;\" data-sfc-cp=\"\"><strong class=\"Yjhzub\">Mod de aplicare:<\/strong>&nbsp;Perie.<\/span><\/h4>\n<\/li>\n<li data-hveid=\"CAMQBA\">\n<h4><span style=\"color: #000000;\"><span class=\"T286Pc\" data-sfc-cp=\"\"><strong class=\"Yjhzub\">Avertisment:<\/strong> U\u0219or inflamabil!!!<\/span><span class=\"uJ19be notranslate\" data-wiz-uids=\"sLWPJd_13,sLWPJd_14\"><span class=\"vKEkVd\" data-animation-atomic=\"\" data-wiz-attrbind=\"class=sLWPJd_12\/TKHnVd\">&nbsp;<\/span><\/span><\/span><\/h4>\n<\/li>\n<\/ul>\n<h4 class=\"Y3BBE\" data-hveid=\"CAQQAA\" data-processed=\"true\"><span style=\"color: #000000;\">M-32 este utilizat \u00een principal pentru tapi\u021barea mobilierului, repararea interiorului ma\u0219inilor, produc\u021bia de scaune \u0219i alte combina\u021bii de textile \u0219i spum\u0103.<\/span><\/h4>\n\n\t\t<\/div>\n\t<\/div>\n<\/div><\/div><\/div><\/div>\n<\/div>","protected":false},"excerpt":{"rendered":"&nbsp;M-32 \u2014 \u044d\u0442\u043e \u0432\u044b\u0441\u043e\u043a\u043e\u043f\u0440\u043e\u0447\u043d\u044b\u0439 \u043a\u043e\u043d\u0442\u0430\u043a\u0442\u043d\u044b\u0439 \u043a\u043b\u0435\u0439 \u043d\u0430 \u043e\u0441\u043d\u043e\u0432\u0435 \u043f\u043e\u043b\u0438\u0445\u043b\u043e\u0440\u043e\u043f\u0440\u0435\u043d\u0430, \u043f\u0440\u0435\u0434\u043d\u0430\u0437\u043d\u0430\u0447\u0435\u043d\u043d\u044b\u0439 \u0434\u043b\u044f \u043c\u0435\u0431\u0435\u043b\u044c\u043d\u043e\u0439 \u0438 \u0430\u0432\u0442\u043e\u043c\u043e\u0431\u0438\u043b\u044c\u043d\u043e\u0439 \u043f\u0440\u043e\u043c\u044b\u0448\u043b\u0435\u043d\u043d\u043e\u0441\u0442\u0438. \u041e\u043d \u043e\u0442\u043b\u0438\u0447\u0430\u0435\u0442\u0441\u044f \u0431\u044b\u0441\u0442\u0440\u044b\u043c \u0432\u044b\u0441\u044b\u0445\u0430\u043d\u0438\u0435\u043c (15-20","protected":false},"featured_media":940,"template":"","meta":{"_monsterinsights_skip_tracking":false,"_monsterinsights_sitenote_active":false,"_monsterinsights_sitenote_note":"","_monsterinsights_sitenote_category":0},"product_brand":[],"product_cat":[19],"product_tag":[],"class_list":{"0":"post-500","1":"product","2":"type-product","3":"status-publish","4":"has-post-thumbnail","6":"product_cat-klej","8":"first","9":"instock","10":"shipping-taxable","11":"product-type-simple"},"jetpack_sharing_enabled":true,"_links":{"self":[{"href":"https:\/\/dinasas.md\/ro\/wp-json\/wp\/v2\/product\/500","targetHints":{"allow":["GET"]}}],"collection":[{"href":"https:\/\/dinasas.md\/ro\/wp-json\/wp\/v2\/product"}],"about":[{"href":"https:\/\/dinasas.md\/ro\/wp-json\/wp\/v2\/types\/product"}],"wp:featuredmedia":[{"embeddable":true,"href":"https:\/\/dinasas.md\/ro\/wp-json\/wp\/v2\/media\/940"}],"wp:attachment":[{"href":"https:\/\/dinasas.md\/ro\/wp-json\/wp\/v2\/media?parent=500"}],"wp:term":[{"taxonomy":"product_brand","embeddable":true,"href":"https:\/\/dinasas.md\/ro\/wp-json\/wp\/v2\/product_brand?post=500"},{"taxonomy":"product_cat","embeddable":true,"href":"https:\/\/dinasas.md\/ro\/wp-json\/wp\/v2\/product_cat?post=500"},{"taxonomy":"product_tag","embeddable":true,"href":"https:\/\/dinasas.md\/ro\/wp-json\/wp\/v2\/product_tag?post=500"}],"curies":[{"name":"wp","href":"https:\/\/api.w.org\/{rel}","templated":true}]}}