{"id":498,"date":"2022-06-23T13:54:03","date_gmt":"2022-06-23T10:54:03","guid":{"rendered":"https:\/\/dinasas.md\/?post_type=product&#038;p=498"},"modified":"2023-07-30T23:00:32","modified_gmt":"2023-07-30T20:00:32","slug":"porolon","status":"publish","type":"product","link":"https:\/\/dinasas.md\/ro\/shop\/porolon\/porolon\/","title":{"rendered":"Bureta"},"content":{"rendered":"<div class=\"wpb-content-wrapper\"><div class=\"vc_row wpb_row vc_row-fluid\"><div class=\"wpb_column vc_column_container vc_col-sm-12\"><div class=\"vc_column-inner\"><div class=\"wpb_wrapper\">\n\t<div class=\"wpb_text_column wpb_content_element\" >\n\t\t<div class=\"wpb_wrapper\">\n\t\t\t<p>Densitatea \/ \u041f\u043b\u043e\u0442\u043d\u043e\u0441\u0442\u044c\u00a0<strong><em>D2540<\/em><\/strong><\/p>\n<div class=\"table-responsive-sm\">\n<table style=\"height: 134px;\" width=\"666\">\n<tbody>\n<tr>\n<td width=\"199\">Demensiuni \/ \u0420\u0430\u0437\u043c\u0435\u0440\u044b (\u043c\u043c.)<\/td>\n<td width=\"180\">Grosimea \/ \u0422\u043e\u043b\u0449\u0438\u043d\u0430 (\u043c\u043c.)<\/td>\n<td width=\"174\">Pre\u021bul \/\u0426\u0435\u043d\u0430 (Lei \/ foaie)<\/td>\n<\/tr>\n<tr>\n<td>2000*1200<\/td>\n<td>5<\/td>\n<td>60<\/td>\n<\/tr>\n<tr>\n<td>2000*1200<\/td>\n<td>10<\/td>\n<td>100<\/td>\n<\/tr>\n<tr>\n<td>2000*1600<\/td>\n<td>10<\/td>\n<td>130<\/td>\n<\/tr>\n<\/tbody>\n<\/table>\n<p>Densitatea \/ \u041f\u043b\u043e\u0442\u043d\u043e\u0441\u0442\u044c\u00a0<strong><em>D2842<\/em><\/strong><\/p>\n<table style=\"height: 427px;\" width=\"661\">\n<tbody>\n<tr>\n<td width=\"199\">Demensiuni \/ \u0420\u0430\u0437\u043c\u0435\u0440\u044b (\u043c\u043c.)<\/td>\n<td width=\"180\">Grosimea \/ \u0422\u043e\u043b\u0449\u0438\u043d\u0430 (\u043c\u043c.)<\/td>\n<td width=\"174\">Pre\u021bul \/\u0426\u0435\u043d\u0430 (Lei \/ foaie)<\/td>\n<\/tr>\n<tr>\n<td>2000*1200<\/td>\n<td>15<\/td>\n<td>160<\/td>\n<\/tr>\n<tr>\n<td>2000*1200<\/td>\n<td>20<\/td>\n<td>220<\/td>\n<\/tr>\n<tr>\n<td>2000*1600<\/td>\n<td>20<\/td>\n<td>295<\/td>\n<\/tr>\n<tr>\n<td>2000*1200<\/td>\n<td>30<\/td>\n<td>330<\/td>\n<\/tr>\n<tr>\n<td>2000*1600<\/td>\n<td>30<\/td>\n<td>440<\/td>\n<\/tr>\n<tr>\n<td>2000*1200<\/td>\n<td>40<\/td>\n<td>440<\/td>\n<\/tr>\n<tr>\n<td>2000*1600<\/td>\n<td>40<\/td>\n<td>560<\/td>\n<\/tr>\n<tr>\n<td>2000*1200<\/td>\n<td>50<\/td>\n<td>550<\/td>\n<\/tr>\n<tr>\n<td>2000*1600<\/td>\n<td>50<\/td>\n<td>735<\/td>\n<\/tr>\n<tr>\n<td>2000*1200<\/td>\n<td>80<\/td>\n<td>880<\/td>\n<\/tr>\n<tr>\n<td>2000*1600<\/td>\n<td>80<\/td>\n<td>1120<\/td>\n<\/tr>\n<tr>\n<td>2000*1200<\/td>\n<td>100<\/td>\n<td>1100<\/td>\n<\/tr>\n<tr>\n<td>2000*1600<\/td>\n<td>100<\/td>\n<td>1380<\/td>\n<\/tr>\n<\/tbody>\n<\/table>\n<p>&nbsp;<\/p>\n<\/div>\n<p><span style=\"color: #993300;\">*Pre\u021bul este indicat la foaie intreag\u0103. Se vinde la foaie \u00eentreag\u0103.<\/span><\/p>\n<p><span style=\"color: #993300;\">*\u0426\u0435\u043d\u0430 \u0443\u043a\u0430\u0437\u0430\u043d\u0430 \u0437\u0430 \u043b\u0438\u0441\u0442 . \u041f\u0440\u043e\u0434\u0430\u0436\u0430 \u043e\u0441\u0443\u0449\u0435\u0441\u0442\u0432\u043b\u044f\u0435\u0442\u0441\u044f \u0446\u0435\u043b\u044b\u043c\u0438 \u043b\u0438\u0441\u0442\u0430\u043c\u0438.<\/span><\/p>\n\n\t\t<\/div>\n\t<\/div>\n<\/div><\/div><\/div><\/div>\n<\/div>","protected":false},"excerpt":{"rendered":"Densitatea \/ \u041f\u043b\u043e\u0442\u043d\u043e\u0441\u0442\u044c\u00a0D2540 Demensiuni \/ \u0420\u0430\u0437\u043c\u0435\u0440\u044b (\u043c\u043c.) Grosimea \/ \u0422\u043e\u043b\u0449\u0438\u043d\u0430 (\u043c\u043c.) Pre\u021bul \/\u0426\u0435\u043d\u0430 (Lei \/ foaie) 2000*1200 5 60 2000*1200","protected":false},"featured_media":936,"comment_status":"closed","ping_status":"closed","template":"","meta":[],"product_brand":[],"product_cat":[18],"product_tag":[],"class_list":{"0":"post-498","1":"product","2":"type-product","3":"status-publish","4":"has-post-thumbnail","6":"product_cat-porolon","8":"first","9":"instock","10":"shipping-taxable","11":"product-type-simple"},"_links":{"self":[{"href":"https:\/\/dinasas.md\/ro\/wp-json\/wp\/v2\/product\/498","targetHints":{"allow":["GET"]}}],"collection":[{"href":"https:\/\/dinasas.md\/ro\/wp-json\/wp\/v2\/product"}],"about":[{"href":"https:\/\/dinasas.md\/ro\/wp-json\/wp\/v2\/types\/product"}],"replies":[{"embeddable":true,"href":"https:\/\/dinasas.md\/ro\/wp-json\/wp\/v2\/comments?post=498"}],"wp:featuredmedia":[{"embeddable":true,"href":"https:\/\/dinasas.md\/ro\/wp-json\/wp\/v2\/media\/936"}],"wp:attachment":[{"href":"https:\/\/dinasas.md\/ro\/wp-json\/wp\/v2\/media?parent=498"}],"wp:term":[{"taxonomy":"product_brand","embeddable":true,"href":"https:\/\/dinasas.md\/ro\/wp-json\/wp\/v2\/product_brand?post=498"},{"taxonomy":"product_cat","embeddable":true,"href":"https:\/\/dinasas.md\/ro\/wp-json\/wp\/v2\/product_cat?post=498"},{"taxonomy":"product_tag","embeddable":true,"href":"https:\/\/dinasas.md\/ro\/wp-json\/wp\/v2\/product_tag?post=498"}],"curies":[{"name":"wp","href":"https:\/\/api.w.org\/{rel}","templated":true}]}}