{"id":2443,"date":"2026-05-12T12:00:29","date_gmt":"2026-05-12T09:00:29","guid":{"rendered":"https:\/\/dinasas.md\/?post_type=product&#038;p=2443"},"modified":"2026-05-12T12:23:57","modified_gmt":"2026-05-12T09:23:57","slug":"majestic","status":"publish","type":"product","link":"https:\/\/dinasas.md\/ro\/shop\/tkani-obivochnye\/majestic\/","title":{"rendered":"Majestic"},"content":{"rendered":"<h1 style=\"text-align: center;\" class=\"translation-block\">Conceput s\u0103 impresioneze, construit s\u0103 reziste.\nDesign clasic cu o rezisten\u021b\u0103 unic\u0103 la uzur\u0103 de 250.000 de cicluri Martindale. Ideal pentru tapi\u021berie, ofer\u0103 o rezisten\u021b\u0103 excep\u021bional\u0103 \u0219i o elegan\u021b\u0103 de durat\u0103.<\/h1>","protected":false},"excerpt":{"rendered":"<p>[su_custom_gallery source=\"media: 2466,2465,2464,2463,2462,2461,2460,2451,2452,2453,2454,2455,2456,2457,2458,2459\" limit=\"55\" link=\"image\" target=\"blank\" width=\"150\" height=\"150\" align=\"center\" title=\"always\"]<br \/>\n[su_table]<\/p>\n<table style=\"height: 722px;\" width=\"648\">\n<tbody>\n<tr>\n<td>\n<h5>\u0421\u043e\u0441\u0442\u0430\u0432<\/h5>\n<\/td>\n<td>\n<h5>100% \u043f\u043e\u043b\u0438\u044d\u0441\u0442\u0435\u0440<\/h5>\n<\/td>\n<\/tr>\n<tr>\n<td>\n<h5>\u0412\u0435\u0441<\/h5>\n<\/td>\n<td>\n<h5>767 \u0433\u0440\/\u043c\u00b2<\/h5>\n<\/td>\n<\/tr>\n<tr>\n<td>\n<h5>\u0428\u0438\u0440\u0438\u043d\u0430<\/h5>\n<\/td>\n<td>\n<h5>140 \u0441\u043c<\/h5>\n<\/td>\n<\/tr>\n<tr>\n<td>\n<h5>\u0423\u0441\u0442\u043e\u0439\u0447\u0438\u0432\u043e\u0441\u0442\u044c \u043a \u0438\u0441\u0442\u0438\u0440\u0430\u043d\u0438\u044e<\/h5>\n<\/td>\n<td>\n<h5>&gt;250.000 \u0446\u0438\u043a\u043b\u043e\u0432<\/h5>\n<\/td>\n<\/tr>\n<tr>\n<td>\n<h5>\u0421\u0442\u043e\u0439\u043a\u043e\u0441\u0442\u044c \u0446\u0432\u0435\u0442\u0430 \u043a \u0438\u0441\u0442\u0438\u0440\u0430\u043d\u0438\u044e<\/h5>\n<\/td>\n<td>\n<h5>4-5<\/h5>\n<\/td>\n<\/tr>\n<tr>\n<td>\n<h5>\u0421\u0442\u043e\u0439\u043a\u043e\u0441\u0442\u044c \u0446\u0432\u0435\u0442\u0430 \u043a \u0441\u0432\u0435\u0442\u0443<\/h5>\n<\/td>\n<td>\n<h5>&gt;5<\/h5>\n<\/td>\n<\/tr>\n<tr>\n<td>\n<h5>\u0423\u0441\u0442\u043e\u0439\u0447\u0438\u0432\u043e\u0441\u0442\u044c \u043a \u043e\u0431\u0440\u0430\u0437\u043e\u0432\u0430\u043d\u0438\u044e \u043a\u0430\u0442\u044b\u0448\u043a\u043e\u0432<\/h5>\n<\/td>\n<td>\n<h5>5<\/h5>\n<\/td>\n<\/tr>\n<tr>\n<td>\n<h5>\u0421\u0438\u0433\u0430\u0440\u0435\u0442\u043d\u044b\u0439 \u0442\u0435\u0441\u0442<\/h5>\n<\/td>\n<td>\n<h5><strong>BS 5852 <\/strong>\/\u00a0<strong>EN 1021-1<\/strong><\/h5>\n<h5><strong>CA TB 117:2013 \/ NFPA 260<\/strong><\/h5>\n<\/td>\n<\/tr>\n<tr>\n<td>\n<h5 id=\"tw-target-text\" class=\"tw-data-text tw-text-large tw-ta\" dir=\"ltr\" tabindex=\"-1\" role=\"text\" data-placeholder=\"\u041f\u0435\u0440\u0435\u0432\u043e\u0434\" data-ved=\"2ahUKEwjA98_Kp7OUAxXGQvEDHTtmLBgQ3ewLegQIDRAV\" aria-label=\"\u041f\u0435\u0440\u0435\u0432\u0435\u0434\u0435\u043d\u043d\u044b\u0439 \u0442\u0435\u043a\u0441\u0442: \u041f\u0438\u043b\u043b\u0438\u043d\u0433\"><span class=\"Y2IQFc\" lang=\"ru\">\u041f\u0438\u043b\u043b\u0438\u043d\u0433<\/span><\/h5>\n<\/td>\n<td>\n<h5>4<\/h5>\n<\/td>\n<\/tr>\n<\/tbody>\n<\/table>\n<p>[\/su_table]<\/p>\n","protected":false},"featured_media":2457,"comment_status":"closed","ping_status":"closed","template":"","meta":[],"product_brand":[],"product_cat":[15],"product_tag":[],"class_list":{"0":"post-2443","1":"product","2":"type-product","3":"status-publish","4":"has-post-thumbnail","6":"product_cat-tkani-obivochnye","8":"first","9":"instock","10":"shipping-taxable","11":"product-type-simple"},"_links":{"self":[{"href":"https:\/\/dinasas.md\/ro\/wp-json\/wp\/v2\/product\/2443","targetHints":{"allow":["GET"]}}],"collection":[{"href":"https:\/\/dinasas.md\/ro\/wp-json\/wp\/v2\/product"}],"about":[{"href":"https:\/\/dinasas.md\/ro\/wp-json\/wp\/v2\/types\/product"}],"replies":[{"embeddable":true,"href":"https:\/\/dinasas.md\/ro\/wp-json\/wp\/v2\/comments?post=2443"}],"wp:featuredmedia":[{"embeddable":true,"href":"https:\/\/dinasas.md\/ro\/wp-json\/wp\/v2\/media\/2457"}],"wp:attachment":[{"href":"https:\/\/dinasas.md\/ro\/wp-json\/wp\/v2\/media?parent=2443"}],"wp:term":[{"taxonomy":"product_brand","embeddable":true,"href":"https:\/\/dinasas.md\/ro\/wp-json\/wp\/v2\/product_brand?post=2443"},{"taxonomy":"product_cat","embeddable":true,"href":"https:\/\/dinasas.md\/ro\/wp-json\/wp\/v2\/product_cat?post=2443"},{"taxonomy":"product_tag","embeddable":true,"href":"https:\/\/dinasas.md\/ro\/wp-json\/wp\/v2\/product_tag?post=2443"}],"curies":[{"name":"wp","href":"https:\/\/api.w.org\/{rel}","templated":true}]}}