{"id":2361,"date":"2026-03-25T09:23:28","date_gmt":"2026-03-25T07:23:28","guid":{"rendered":"https:\/\/dinasas.md\/?post_type=product&#038;p=2361"},"modified":"2026-03-26T09:56:21","modified_gmt":"2026-03-26T07:56:21","slug":"%d0%ba%d0%b0%d1%80%d0%bf%d0%b5%d1%82","status":"publish","type":"product","link":"https:\/\/dinasas.md\/ro\/shop\/liders\/%d0%ba%d0%b0%d1%80%d0%bf%d0%b5%d1%82\/","title":{"rendered":"Carpet"},"content":{"rendered":"<h2><strong>Carpet<\/strong> \u2014 material decorativ neadeziv, fabricat dintr-un material ne\u021besut dens, disponibil \u00een diverse culori, pe baz\u0103 de fibre de poliester, cu o impregnare complex\u0103 cu latex (carpet).<\/h2>\n<h4><\/h4>","protected":false},"excerpt":{"rendered":"<h2 style=\"text-align: left;\"><strong>CARACTERISTICILE MATERIALULUI:<\/strong><\/h2>\n<ul style=\"text-align: left;\">\n<li>\n<h2>fiabil<\/h2>\n<\/li>\n<li>\n<h2>protejeaz\u0103 orice zon\u0103 a salonului de defec\u021biuni<\/h2>\n<\/li>\n<li>\n<h2>se \u00eentinde foarte bine, se \u00eembin\u0103 perfect \u0219i nu se decoloreaz\u0103<\/h2>\n<\/li>\n<\/ul>\n<hr \/>\n<h2 style=\"text-align: left;\"><strong>UTILIZAREA MATERIALULUI:<\/strong><\/h2>\n<ul style=\"text-align: left;\">\n<li>\n<h2>tuningul interiorului ma\u0219inilor<\/h2>\n<\/li>\n<li>\n<h2>produc\u021bie de sisteme acustice profesionale<\/h2>\n<\/li>\n<li>\n<h2>produc\u021bie de subwoofere<\/h2>\n<\/li>\n<li>\n<h2>produc\u021bia de rafturi pentru sisteme audio \u0219i instalarea ascuns\u0103 a sistemelor audio<\/h2>\n<\/li>\n<li>\n<h2>fabricarea podelelor, finisarea suprafe\u021belor interioare ale saloanului \u0219i portbagajului autovehiculului<\/h2>\n<\/li>\n<\/ul>\n<hr \/>\n<h2 style=\"text-align: left;\"><strong>CARACTERISTICILE MATERIALULUI:<\/strong><\/h2>\n<ul>\n<li style=\"text-align: left;\">\n<h2>L\u0103\u021bime: 200 cm<\/h2>\n<\/li>\n<li style=\"text-align: left;\">\n<h2>Culoare \u2014 negru\/gri \u00eenchis<\/h2>\n<\/li>\n<li>\n<h2 style=\"text-align: left;\">Rezisten\u021ba la umiditate a materialului \u2014 NU<\/p>\n<div class=\"su-image-carousel  su-image-carousel-has-spacing su-image-carousel-crop su-image-carousel-crop-16-9 su-image-carousel-has-outline su-image-carousel-adaptive su-image-carousel-slides-style-default su-image-carousel-controls-style-dark su-image-carousel-align-center\" style=\"\" data-flickity-options='{\"groupCells\":true,\"cellSelector\":\".su-image-carousel-item\",\"adaptiveHeight\":false,\"cellAlign\":\"left\",\"prevNextButtons\":true,\"pageDots\":true,\"autoPlay\":6000,\"imagesLoaded\":true,\"contain\":true,\"selectedAttraction\":0.025,\"friction\":0.28}' id=\"su_image_carousel_6a01dd7ed9d25\">\n<div class=\"su-image-carousel-item\">\n<div class=\"su-image-carousel-item-content\"><img width=\"800\" height=\"800\" src=\"https:\/\/dinasas.md\/wp-content\/uploads\/aMAAAgBlkOA960-800x800-1.jpg\" class=\"\" alt=\"\" decoding=\"async\" loading=\"lazy\" srcset=\"https:\/\/dinasas.md\/wp-content\/uploads\/aMAAAgBlkOA960-800x800-1.jpg 800w, https:\/\/dinasas.md\/wp-content\/uploads\/aMAAAgBlkOA960-800x800-1-300x300.jpg 300w, https:\/\/dinasas.md\/wp-content\/uploads\/aMAAAgBlkOA960-800x800-1-150x150.jpg 150w, https:\/\/dinasas.md\/wp-content\/uploads\/aMAAAgBlkOA960-800x800-1-768x768.jpg 768w, https:\/\/dinasas.md\/wp-content\/uploads\/aMAAAgBlkOA960-800x800-1-12x12.jpg 12w, https:\/\/dinasas.md\/wp-content\/uploads\/aMAAAgBlkOA960-800x800-1-600x600.jpg 600w\" sizes=\"auto, (max-width: 800px) 100vw, 800px\" \/><\/div>\n<\/div>\n<div class=\"su-image-carousel-item\">\n<div class=\"su-image-carousel-item-content\"><img width=\"700\" height=\"400\" src=\"https:\/\/dinasas.md\/wp-content\/uploads\/baner-avtomobilnyj-karpet-vidy-harakteristika-primenenie-1.jpg\" class=\"\" alt=\"\" decoding=\"async\" loading=\"lazy\" srcset=\"https:\/\/dinasas.md\/wp-content\/uploads\/baner-avtomobilnyj-karpet-vidy-harakteristika-primenenie-1.jpg 700w, https:\/\/dinasas.md\/wp-content\/uploads\/baner-avtomobilnyj-karpet-vidy-harakteristika-primenenie-1-300x171.jpg 300w, https:\/\/dinasas.md\/wp-content\/uploads\/baner-avtomobilnyj-karpet-vidy-harakteristika-primenenie-1-18x10.jpg 18w, https:\/\/dinasas.md\/wp-content\/uploads\/baner-avtomobilnyj-karpet-vidy-harakteristika-primenenie-1-600x343.jpg 600w, https:\/\/dinasas.md\/wp-content\/uploads\/baner-avtomobilnyj-karpet-vidy-harakteristika-primenenie-1-150x86.jpg 150w\" sizes=\"auto, (max-width: 700px) 100vw, 700px\" \/><\/div>\n<\/div>\n<div class=\"su-image-carousel-item\">\n<div class=\"su-image-carousel-item-content\"><img width=\"1000\" height=\"563\" src=\"https:\/\/dinasas.md\/wp-content\/uploads\/karpet.jpg\" class=\"\" alt=\"\" decoding=\"async\" loading=\"lazy\" srcset=\"https:\/\/dinasas.md\/wp-content\/uploads\/karpet.jpg 1000w, https:\/\/dinasas.md\/wp-content\/uploads\/karpet-300x169.jpg 300w, https:\/\/dinasas.md\/wp-content\/uploads\/karpet-768x432.jpg 768w, https:\/\/dinasas.md\/wp-content\/uploads\/karpet-18x10.jpg 18w, https:\/\/dinasas.md\/wp-content\/uploads\/karpet-600x338.jpg 600w, https:\/\/dinasas.md\/wp-content\/uploads\/karpet-150x84.jpg 150w\" sizes=\"auto, (max-width: 1000px) 100vw, 1000px\" \/><\/div>\n<\/div>\n<\/div>\n<p><script id=\"su_image_carousel_6a01dd7ed9d25_script\">if(window.SUImageCarousel){setTimeout(function() {window.SUImageCarousel.initGallery(document.getElementById(\"su_image_carousel_6a01dd7ed9d25\"))}, 0);}var su_image_carousel_6a01dd7ed9d25_script=document.getElementById(\"su_image_carousel_6a01dd7ed9d25_script\");if(su_image_carousel_6a01dd7ed9d25_script){su_image_carousel_6a01dd7ed9d25_script.parentNode.removeChild(su_image_carousel_6a01dd7ed9d25_script);}<\/script><\/h2>\n<\/li>\n<\/ul>","protected":false},"featured_media":2362,"template":"","meta":{"_monsterinsights_skip_tracking":false,"_monsterinsights_sitenote_active":false,"_monsterinsights_sitenote_note":"","_monsterinsights_sitenote_category":0},"product_brand":[],"product_cat":[49,15,16],"product_tag":[],"class_list":{"0":"post-2361","1":"product","2":"type-product","3":"status-publish","4":"has-post-thumbnail","6":"product_cat-liders","7":"product_cat-tkani-obivochnye","8":"product_cat-tkani-avtomobilnye","10":"first","11":"instock","12":"shipping-taxable","13":"product-type-simple"},"jetpack_sharing_enabled":true,"_links":{"self":[{"href":"https:\/\/dinasas.md\/ro\/wp-json\/wp\/v2\/product\/2361","targetHints":{"allow":["GET"]}}],"collection":[{"href":"https:\/\/dinasas.md\/ro\/wp-json\/wp\/v2\/product"}],"about":[{"href":"https:\/\/dinasas.md\/ro\/wp-json\/wp\/v2\/types\/product"}],"version-history":[{"count":0,"href":"https:\/\/dinasas.md\/ro\/wp-json\/wp\/v2\/product\/2361\/revisions"}],"wp:featuredmedia":[{"embeddable":true,"href":"https:\/\/dinasas.md\/ro\/wp-json\/wp\/v2\/media\/2362"}],"wp:attachment":[{"href":"https:\/\/dinasas.md\/ro\/wp-json\/wp\/v2\/media?parent=2361"}],"wp:term":[{"taxonomy":"product_brand","embeddable":true,"href":"https:\/\/dinasas.md\/ro\/wp-json\/wp\/v2\/product_brand?post=2361"},{"taxonomy":"product_cat","embeddable":true,"href":"https:\/\/dinasas.md\/ro\/wp-json\/wp\/v2\/product_cat?post=2361"},{"taxonomy":"product_tag","embeddable":true,"href":"https:\/\/dinasas.md\/ro\/wp-json\/wp\/v2\/product_tag?post=2361"}],"curies":[{"name":"wp","href":"https:\/\/api.w.org\/{rel}","templated":true}]}}