{"id":1834,"date":"2025-08-24T23:47:18","date_gmt":"2025-08-24T20:47:18","guid":{"rendered":"https:\/\/dinasas.md\/?post_type=product&#038;p=1834"},"modified":"2025-10-29T08:50:56","modified_gmt":"2025-10-29T06:50:56","slug":"meloy","status":"publish","type":"product","link":"https:\/\/dinasas.md\/ro\/shop\/liders\/meloy\/","title":{"rendered":"Maloy"},"content":{"rendered":"<div class=\"wpb-content-wrapper\"><div class=\"vc_row wpb_row vc_row-fluid\"><div class=\"wpb_column vc_column_container vc_col-sm-12\"><div class=\"vc_column-inner\"><div class=\"wpb_wrapper\">\n\t<div class=\"wpb_text_column wpb_content_element\" >\n\t\t<div class=\"wpb_wrapper\">\n\t\t\t<table style=\"height: 265px;\" width=\"677\">\n<tbody>\n<tr>\n<td width=\"176\">Structura<\/td>\n<td width=\"122\">100% Polyester<\/td>\n<\/tr>\n<tr>\n<td>Rezistenta la abraziune<\/td>\n<td>30000<\/td>\n<\/tr>\n<tr>\n<td>L\u0103\u021bimea \u021bes\u0103turii<\/td>\n<td>140 +\/- 3\u0441\u043c<\/td>\n<\/tr>\n<tr>\n<td>Densitate<\/td>\n<td>\u00a0260\u0433\/\u043c\u00b2+\/-5%<\/td>\n<\/tr>\n<tr>\n<td>Rezisten\u021b\u0103 la abraziune uscat\u0103<\/td>\n<td>4-5<\/td>\n<\/tr>\n<tr>\n<td>Rezisten\u021b\u0103 la abraziune umed\u0103<\/td>\n<td>4-5<\/td>\n<\/tr>\n<\/tbody>\n<\/table>\n<p style=\"text-align: center;\"><span style=\"color: #993300;\"><strong>Nuan\u021ba din fotografie poate diferi de e\u0219antion<\/strong><\/span><\/p>\n\n\t\t<\/div>\n\t<\/div>\n<\/div><\/div><\/div><\/div>\n<\/div>","protected":false},"excerpt":{"rendered":"<h3 style=\"text-align: center;\"><span style=\"color: #000000;\">Colec\u021bie <strong>MALOY<\/strong> este o \u021bes\u0103tur\u0103 din \u0219enil\u0103, caracterizat\u0103 prin rezisten\u021b\u0103 ridicat\u0103 la abraziune \u0219i deterior\u0103ri mecanice. \u00cen plus, produsele din \u0219enil\u0103 sunt renumite pentru moliciunea lor excep\u021bional\u0103, care ofer\u0103 utilizatorilor un confort de neegalat.<br \/>\n<\/span><strong style=\"color: #000000;\">MALOY-<\/strong><span style=\"color: #000000;\"> u\u0219or de \u00eentre\u021binut, ceea ce permite men\u021binerea cu u\u0219urin\u021b\u0103 a mobilierului \u00eentr-o cur\u0103\u021benie impecabil\u0103.<br \/>\n<img loading=\"lazy\" decoding=\"async\" class=\"aligncenter size-large wp-image-1908\" src=\"https:\/\/dinasas.md\/wp-content\/uploads\/maloydivan-1024x576.webp\" alt=\"\" width=\"1024\" height=\"576\" srcset=\"https:\/\/dinasas.md\/wp-content\/uploads\/maloydivan-1024x576.webp 1024w, https:\/\/dinasas.md\/wp-content\/uploads\/maloydivan-300x169.webp 300w, https:\/\/dinasas.md\/wp-content\/uploads\/maloydivan-768x432.webp 768w, https:\/\/dinasas.md\/wp-content\/uploads\/maloydivan-1536x864.webp 1536w, https:\/\/dinasas.md\/wp-content\/uploads\/maloydivan-2048x1152.webp 2048w, https:\/\/dinasas.md\/wp-content\/uploads\/maloydivan-18x10.webp 18w, https:\/\/dinasas.md\/wp-content\/uploads\/maloydivan-600x338.webp 600w, https:\/\/dinasas.md\/wp-content\/uploads\/maloydivan-150x84.webp 150w\" sizes=\"auto, (max-width: 1024px) 100vw, 1024px\" \/><\/span><\/h3>\n<h3 style=\"text-align: center;\"><span style=\"color: #000000;\">Structura \u021bes\u0103turii este format\u0103 din dou\u0103 tipuri de fire: fire sub\u021biri, care creeaz\u0103 o baz\u0103 rezistent\u0103 \u0219i dens\u0103, \u0219i fire chenille, care formeaz\u0103 un strat fibros \u0219i confer\u0103 aspectul final. <\/span><strong style=\"color: #000000;\">MALOY<\/strong><span style=\"color: #000000;\"> ideal pentru produc\u021bia de mobilier, p\u0103turi, perne \u0219i alte elemente de interior.<br \/>\n<img loading=\"lazy\" decoding=\"async\" class=\"aligncenter size-large wp-image-1909\" src=\"https:\/\/dinasas.md\/wp-content\/uploads\/Screenshot_2025-08-14-17-21-40-289_com.google.android.apps_.docs-edit-717x1024.jpg\" alt=\"\" width=\"717\" height=\"1024\" srcset=\"https:\/\/dinasas.md\/wp-content\/uploads\/Screenshot_2025-08-14-17-21-40-289_com.google.android.apps_.docs-edit-717x1024.jpg 717w, https:\/\/dinasas.md\/wp-content\/uploads\/Screenshot_2025-08-14-17-21-40-289_com.google.android.apps_.docs-edit-210x300.jpg 210w, https:\/\/dinasas.md\/wp-content\/uploads\/Screenshot_2025-08-14-17-21-40-289_com.google.android.apps_.docs-edit-768x1097.jpg 768w, https:\/\/dinasas.md\/wp-content\/uploads\/Screenshot_2025-08-14-17-21-40-289_com.google.android.apps_.docs-edit-8x12.jpg 8w, https:\/\/dinasas.md\/wp-content\/uploads\/Screenshot_2025-08-14-17-21-40-289_com.google.android.apps_.docs-edit-600x857.jpg 600w, https:\/\/dinasas.md\/wp-content\/uploads\/Screenshot_2025-08-14-17-21-40-289_com.google.android.apps_.docs-edit-150x214.jpg 150w, https:\/\/dinasas.md\/wp-content\/uploads\/Screenshot_2025-08-14-17-21-40-289_com.google.android.apps_.docs-edit.jpg 1040w\" sizes=\"auto, (max-width: 717px) 100vw, 717px\" \/><br \/>\n<\/span><\/h3>","protected":false},"featured_media":1848,"comment_status":"closed","ping_status":"closed","template":"","meta":[],"product_brand":[],"product_cat":[49,15],"product_tag":[],"class_list":{"0":"post-1834","1":"product","2":"type-product","3":"status-publish","4":"has-post-thumbnail","6":"product_cat-liders","7":"product_cat-tkani-obivochnye","9":"first","10":"instock","11":"featured","12":"shipping-taxable","13":"product-type-simple"},"_links":{"self":[{"href":"https:\/\/dinasas.md\/ro\/wp-json\/wp\/v2\/product\/1834","targetHints":{"allow":["GET"]}}],"collection":[{"href":"https:\/\/dinasas.md\/ro\/wp-json\/wp\/v2\/product"}],"about":[{"href":"https:\/\/dinasas.md\/ro\/wp-json\/wp\/v2\/types\/product"}],"replies":[{"embeddable":true,"href":"https:\/\/dinasas.md\/ro\/wp-json\/wp\/v2\/comments?post=1834"}],"wp:featuredmedia":[{"embeddable":true,"href":"https:\/\/dinasas.md\/ro\/wp-json\/wp\/v2\/media\/1848"}],"wp:attachment":[{"href":"https:\/\/dinasas.md\/ro\/wp-json\/wp\/v2\/media?parent=1834"}],"wp:term":[{"taxonomy":"product_brand","embeddable":true,"href":"https:\/\/dinasas.md\/ro\/wp-json\/wp\/v2\/product_brand?post=1834"},{"taxonomy":"product_cat","embeddable":true,"href":"https:\/\/dinasas.md\/ro\/wp-json\/wp\/v2\/product_cat?post=1834"},{"taxonomy":"product_tag","embeddable":true,"href":"https:\/\/dinasas.md\/ro\/wp-json\/wp\/v2\/product_tag?post=1834"}],"curies":[{"name":"wp","href":"https:\/\/api.w.org\/{rel}","templated":true}]}}