{"id":1815,"date":"2025-08-24T23:25:22","date_gmt":"2025-08-24T20:25:22","guid":{"rendered":"https:\/\/dinasas.md\/?post_type=product&#038;p=1815"},"modified":"2025-10-31T15:09:48","modified_gmt":"2025-10-31T13:09:48","slug":"sonic","status":"publish","type":"product","link":"https:\/\/dinasas.md\/ro\/shop\/liders\/sonic\/","title":{"rendered":"Sonic"},"content":{"rendered":"<div class=\"wpb-content-wrapper\"><div class=\"vc_row wpb_row vc_row-fluid\"><div class=\"wpb_column vc_column_container vc_col-sm-12\"><div class=\"vc_column-inner\"><div class=\"wpb_wrapper\">\n\t<div class=\"wpb_text_column wpb_content_element\" >\n\t\t<div class=\"wpb_wrapper\">\n\t\t\t<table style=\"height: 265px;\" width=\"677\">\n<tbody>\n<tr>\n<td width=\"176\">Structura<\/td>\n<td width=\"122\">100% Polyester<\/td>\n<\/tr>\n<tr>\n<td>Rezistenta la abraziune<\/td>\n<td>60000<\/td>\n<\/tr>\n<tr>\n<td>L\u0103\u021bimea \u021bes\u0103turii<\/td>\n<td>140 +\/- 3\u0441\u043c<\/td>\n<\/tr>\n<tr>\n<td>Densitate<\/td>\n<td>\u00a0550\u0433\/\u043c\u00b2+\/-5%<\/td>\n<\/tr>\n<tr>\n<td>Rezisten\u021b\u0103 la abraziune uscat\u0103<\/td>\n<td>4-5<\/td>\n<\/tr>\n<tr>\n<td>Rezisten\u021b\u0103 la abraziune umed\u0103<\/td>\n<td>4-5<\/td>\n<\/tr>\n<\/tbody>\n<\/table>\n<p style=\"text-align: center;\"><span style=\"color: #993300;\"><strong>Nuan\u021ba din fotografie poate diferi de e\u0219antion<\/strong><\/span><\/p>\n\n\t\t<\/div>\n\t<\/div>\n<\/div><\/div><\/div><\/div>\n<\/div>","protected":false},"excerpt":{"rendered":"<h2 style=\"text-align: center;\"><span style=\"color: #000000;\">Colec\u021bie <strong>SONIC<\/strong> \u2014 este o \u021bes\u0103tur\u0103 care se remarc\u0103 prin tridimensionalitatea sa excep\u021bional\u0103 \u0219i designul modern. Se armonizeaz\u0103 perfect cu formele rotunjite ale mobilierului modern \u0219i ale scaunelor auto, conferindu-le un caracter special.<\/span><\/h2>\n<h2 style=\"text-align: center;\"><span style=\"color: #000000;\"><img loading=\"lazy\" decoding=\"async\" class=\"aligncenter size-full wp-image-1902\" src=\"https:\/\/dinasas.md\/wp-content\/uploads\/Sonic-.webp\" alt=\"\" width=\"1000\" height=\"563\" srcset=\"https:\/\/dinasas.md\/wp-content\/uploads\/Sonic-.webp 1000w, https:\/\/dinasas.md\/wp-content\/uploads\/Sonic--300x169.webp 300w, https:\/\/dinasas.md\/wp-content\/uploads\/Sonic--768x432.webp 768w, https:\/\/dinasas.md\/wp-content\/uploads\/Sonic--18x10.webp 18w, https:\/\/dinasas.md\/wp-content\/uploads\/Sonic--600x338.webp 600w, https:\/\/dinasas.md\/wp-content\/uploads\/Sonic--150x84.webp 150w\" sizes=\"auto, (max-width: 1000px) 100vw, 1000px\" \/> Textura sa este incredibil de elastic\u0103 \u0219i moale. \u00cen plus, acest material are o greutate impresionant\u0103 de 550 g\/m2. \u00cen plus, este \u00eent\u0103rit cu tricotaj fleece pe partea interioar\u0103, ceea ce face ca materialul s\u0103 fie nu numai atractiv din punct de vedere vizual, ci \u0219i extrem de confortabil \u00een utilizare.<\/span><\/h2>\n<h2 style=\"text-align: center;\"><span style=\"color: #000000;\"><img loading=\"lazy\" decoding=\"async\" class=\"aligncenter size-large wp-image-1903\" src=\"https:\/\/dinasas.md\/wp-content\/uploads\/1758626757862-804x1024.jpg\" alt=\"\" width=\"804\" height=\"1024\" srcset=\"https:\/\/dinasas.md\/wp-content\/uploads\/1758626757862-804x1024.jpg 804w, https:\/\/dinasas.md\/wp-content\/uploads\/1758626757862-235x300.jpg 235w, https:\/\/dinasas.md\/wp-content\/uploads\/1758626757862-768x979.jpg 768w, https:\/\/dinasas.md\/wp-content\/uploads\/1758626757862-9x12.jpg 9w, https:\/\/dinasas.md\/wp-content\/uploads\/1758626757862-600x765.jpg 600w, https:\/\/dinasas.md\/wp-content\/uploads\/1758626757862-150x191.jpg 150w, https:\/\/dinasas.md\/wp-content\/uploads\/1758626757862.jpg 864w\" sizes=\"auto, (max-width: 804px) 100vw, 804px\" \/><\/span><br \/>\n<span style=\"color: #000000;\"> Colec\u021bia Sonic este alegerea ideal\u0103 pentru cei care caut\u0103 o \u021bes\u0103tur\u0103 cu un design unic \u0219i o rezisten\u021b\u0103 excelent\u0103.<\/span><br \/>\n<span style=\"color: #000000;\"><img loading=\"lazy\" decoding=\"async\" class=\"aligncenter size-large wp-image-1904\" src=\"https:\/\/dinasas.md\/wp-content\/uploads\/photo_2025-08-14_21-04-04-726x1024.jpg\" alt=\"\" width=\"726\" height=\"1024\" srcset=\"https:\/\/dinasas.md\/wp-content\/uploads\/photo_2025-08-14_21-04-04-726x1024.jpg 726w, https:\/\/dinasas.md\/wp-content\/uploads\/photo_2025-08-14_21-04-04-213x300.jpg 213w, https:\/\/dinasas.md\/wp-content\/uploads\/photo_2025-08-14_21-04-04-768x1084.jpg 768w, https:\/\/dinasas.md\/wp-content\/uploads\/photo_2025-08-14_21-04-04-9x12.jpg 9w, https:\/\/dinasas.md\/wp-content\/uploads\/photo_2025-08-14_21-04-04-600x847.jpg 600w, https:\/\/dinasas.md\/wp-content\/uploads\/photo_2025-08-14_21-04-04-150x212.jpg 150w, https:\/\/dinasas.md\/wp-content\/uploads\/photo_2025-08-14_21-04-04.jpg 907w\" sizes=\"auto, (max-width: 726px) 100vw, 726px\" \/><\/span><\/h2>","protected":false},"featured_media":1831,"comment_status":"closed","ping_status":"closed","template":"","meta":[],"product_brand":[],"product_cat":[49,15,16],"product_tag":[],"class_list":{"0":"post-1815","1":"product","2":"type-product","3":"status-publish","4":"has-post-thumbnail","6":"product_cat-liders","7":"product_cat-tkani-obivochnye","8":"product_cat-tkani-avtomobilnye","10":"first","11":"instock","12":"featured","13":"shipping-taxable","14":"product-type-simple"},"_links":{"self":[{"href":"https:\/\/dinasas.md\/ro\/wp-json\/wp\/v2\/product\/1815","targetHints":{"allow":["GET"]}}],"collection":[{"href":"https:\/\/dinasas.md\/ro\/wp-json\/wp\/v2\/product"}],"about":[{"href":"https:\/\/dinasas.md\/ro\/wp-json\/wp\/v2\/types\/product"}],"replies":[{"embeddable":true,"href":"https:\/\/dinasas.md\/ro\/wp-json\/wp\/v2\/comments?post=1815"}],"wp:featuredmedia":[{"embeddable":true,"href":"https:\/\/dinasas.md\/ro\/wp-json\/wp\/v2\/media\/1831"}],"wp:attachment":[{"href":"https:\/\/dinasas.md\/ro\/wp-json\/wp\/v2\/media?parent=1815"}],"wp:term":[{"taxonomy":"product_brand","embeddable":true,"href":"https:\/\/dinasas.md\/ro\/wp-json\/wp\/v2\/product_brand?post=1815"},{"taxonomy":"product_cat","embeddable":true,"href":"https:\/\/dinasas.md\/ro\/wp-json\/wp\/v2\/product_cat?post=1815"},{"taxonomy":"product_tag","embeddable":true,"href":"https:\/\/dinasas.md\/ro\/wp-json\/wp\/v2\/product_tag?post=1815"}],"curies":[{"name":"wp","href":"https:\/\/api.w.org\/{rel}","templated":true}]}}