{"id":1802,"date":"2025-08-04T00:42:39","date_gmt":"2025-08-03T21:42:39","guid":{"rendered":"https:\/\/dinasas.md\/?post_type=product&#038;p=1802"},"modified":"2025-12-03T14:31:15","modified_gmt":"2025-12-03T12:31:15","slug":"matador","status":"publish","type":"product","link":"https:\/\/dinasas.md\/ro\/shop\/liders\/matador\/","title":{"rendered":"Matador"},"content":{"rendered":"<div class=\"wpb-content-wrapper\"><div class=\"vc_row wpb_row vc_row-fluid\"><div class=\"wpb_column vc_column_container vc_col-sm-12\"><div class=\"vc_column-inner\"><div class=\"wpb_wrapper\">\n\t<div class=\"wpb_text_column wpb_content_element\" >\n\t\t<div class=\"wpb_wrapper\">\n\t\t\t<table style=\"height: 265px;\" width=\"677\">\n<tbody>\n<tr>\n<td width=\"176\">Structura<\/td>\n<td width=\"122\">100% Polyester<\/td>\n<\/tr>\n<tr>\n<td>Rezistenta la abraziune<\/td>\n<td>18000<\/td>\n<\/tr>\n<tr>\n<td>L\u0103\u021bimea \u021bes\u0103turii<\/td>\n<td>142 +\/- 3\u0441\u043c<\/td>\n<\/tr>\n<tr>\n<td>Densitate<\/td>\n<td>370 \u0433\/\u043c\u00b2+\/-5%<\/td>\n<\/tr>\n<tr>\n<td>Rezisten\u021b\u0103 la abraziune uscat\u0103<\/td>\n<td>4-5<\/td>\n<\/tr>\n<tr>\n<td>Rezisten\u021b\u0103 la abraziune umed\u0103<\/td>\n<td>4-5<\/td>\n<\/tr>\n<\/tbody>\n<\/table>\n<p style=\"text-align: center;\"><span style=\"color: #993300;\"><strong>Nuan\u021ba din fotografie poate diferi de e\u0219antion<br \/>\n<\/strong><\/span><\/p>\n<p>\u00a0<\/p>\n\n\t\t<\/div>\n\t<\/div>\n<\/div><\/div><\/div><\/div>\n<\/div>","protected":false},"excerpt":{"rendered":"<h3 style=\"text-align: center;\"><span style=\"color: #000000;\"><strong>MATADOR<\/strong> \u2014 este un material de tapi\u021berie din poliuretan, care imit\u0103 perfect aspectul \u0219i textura pielii naturale de cea mai bun\u0103 calitate. Datorit\u0103 suprafe\u021bei netede \u0219i a imprimeului fin, este extrem de pl\u0103cut la atingere. Colec\u021bia <strong>MATADOR<\/strong> se remarc\u0103 prin parametrii tehnici ridica\u021bi, iar structura poliuretanic\u0103 asigur\u0103 o stabilitate \u0219i o durabilitate excelente. Partea inferioar\u0103 a materialului este \u00eent\u0103rit\u0103 cu o c\u0103ptu\u0219eal\u0103 moale \u0219i dens\u0103, ceea ce \u00eei spore\u0219te rezisten\u021ba \u0219i \u00eei confer\u0103 o moliciune \u0219i o bog\u0103\u021bie suplimentare.<br \/>\n<img loading=\"lazy\" decoding=\"async\" class=\"aligncenter size-large wp-image-1906\" src=\"https:\/\/dinasas.md\/wp-content\/uploads\/matador-divan-1024x576.webp\" alt=\"\" width=\"1024\" height=\"576\" srcset=\"https:\/\/dinasas.md\/wp-content\/uploads\/matador-divan-1024x576.webp 1024w, https:\/\/dinasas.md\/wp-content\/uploads\/matador-divan-300x169.webp 300w, https:\/\/dinasas.md\/wp-content\/uploads\/matador-divan-768x432.webp 768w, https:\/\/dinasas.md\/wp-content\/uploads\/matador-divan-1536x864.webp 1536w, https:\/\/dinasas.md\/wp-content\/uploads\/matador-divan-2048x1152.webp 2048w, https:\/\/dinasas.md\/wp-content\/uploads\/matador-divan-18x10.webp 18w, https:\/\/dinasas.md\/wp-content\/uploads\/matador-divan-600x338.webp 600w, https:\/\/dinasas.md\/wp-content\/uploads\/matador-divan-150x84.webp 150w\" sizes=\"auto, (max-width: 1024px) 100vw, 1024px\" \/><br \/>\n<\/span><\/h3>\n<h3 style=\"text-align: center;\"><span style=\"color: #000000;\">Materialul poliuretanic are o rezisten\u021b\u0103 ridicat\u0103 la abraziune, ceea ce \u00eel face alegerea ideal\u0103 pentru mobilier, cum ar fi canapele, fotolii \u0219i scaune. <strong>MATADOR<\/strong> u\u0219or de cur\u0103\u021bat \u0219i \u00eentre\u021binut, iar structura sa \u00eel face mai pu\u021bin predispus la apari\u021bia petelor \u0219i mai u\u0219or de \u00eentre\u021binut dec\u00e2t pielea natural\u0103. Aleg\u00e2nd materialul din colec\u021bia <strong>MATADOR<\/strong>, evita\u021bi utilizarea produselor de origine animal\u0103, ceea ce \u00eel face o op\u021biune ecologic\u0103.<br \/>\n<img loading=\"lazy\" decoding=\"async\" class=\"aligncenter size-large wp-image-1907\" src=\"https:\/\/dinasas.md\/wp-content\/uploads\/IMG_20250814_173234-722x1024.jpg\" alt=\"\" width=\"722\" height=\"1024\" srcset=\"https:\/\/dinasas.md\/wp-content\/uploads\/IMG_20250814_173234-722x1024.jpg 722w, https:\/\/dinasas.md\/wp-content\/uploads\/IMG_20250814_173234-211x300.jpg 211w, https:\/\/dinasas.md\/wp-content\/uploads\/IMG_20250814_173234-768x1090.jpg 768w, https:\/\/dinasas.md\/wp-content\/uploads\/IMG_20250814_173234-8x12.jpg 8w, https:\/\/dinasas.md\/wp-content\/uploads\/IMG_20250814_173234-600x851.jpg 600w, https:\/\/dinasas.md\/wp-content\/uploads\/IMG_20250814_173234-150x213.jpg 150w, https:\/\/dinasas.md\/wp-content\/uploads\/IMG_20250814_173234.jpg 1069w\" sizes=\"auto, (max-width: 722px) 100vw, 722px\" \/><br \/>\n<\/span><\/h3>","protected":false},"featured_media":1810,"comment_status":"closed","ping_status":"closed","template":"","meta":[],"product_brand":[],"product_cat":[49,17],"product_tag":[],"class_list":{"0":"post-1802","1":"product","2":"type-product","3":"status-publish","4":"has-post-thumbnail","6":"product_cat-liders","7":"product_cat-iskusstvennaja-kozha","9":"first","10":"instock","11":"featured","12":"shipping-taxable","13":"product-type-simple"},"_links":{"self":[{"href":"https:\/\/dinasas.md\/ro\/wp-json\/wp\/v2\/product\/1802","targetHints":{"allow":["GET"]}}],"collection":[{"href":"https:\/\/dinasas.md\/ro\/wp-json\/wp\/v2\/product"}],"about":[{"href":"https:\/\/dinasas.md\/ro\/wp-json\/wp\/v2\/types\/product"}],"replies":[{"embeddable":true,"href":"https:\/\/dinasas.md\/ro\/wp-json\/wp\/v2\/comments?post=1802"}],"wp:featuredmedia":[{"embeddable":true,"href":"https:\/\/dinasas.md\/ro\/wp-json\/wp\/v2\/media\/1810"}],"wp:attachment":[{"href":"https:\/\/dinasas.md\/ro\/wp-json\/wp\/v2\/media?parent=1802"}],"wp:term":[{"taxonomy":"product_brand","embeddable":true,"href":"https:\/\/dinasas.md\/ro\/wp-json\/wp\/v2\/product_brand?post=1802"},{"taxonomy":"product_cat","embeddable":true,"href":"https:\/\/dinasas.md\/ro\/wp-json\/wp\/v2\/product_cat?post=1802"},{"taxonomy":"product_tag","embeddable":true,"href":"https:\/\/dinasas.md\/ro\/wp-json\/wp\/v2\/product_tag?post=1802"}],"curies":[{"name":"wp","href":"https:\/\/api.w.org\/{rel}","templated":true}]}}