{"id":2285,"date":"2026-03-06T10:53:09","date_gmt":"2026-03-06T08:53:09","guid":{"rendered":"https:\/\/dinasas.md\/?page_id=2285"},"modified":"2026-03-06T10:53:15","modified_gmt":"2026-03-06T08:53:15","slug":"%d1%81%d0%be%d1%82%d1%80%d1%83%d0%b4%d0%bd%d0%b8%d1%87%d0%b5%d1%81%d1%82%d0%b2%d0%be","status":"publish","type":"page","link":"https:\/\/dinasas.md\/ro\/%d1%81%d0%be%d1%82%d1%80%d1%83%d0%b4%d0%bd%d0%b8%d1%87%d0%b5%d1%81%d1%82%d0%b2%d0%be\/","title":{"rendered":"Colaborare"},"content":{"rendered":"<div class=\"wpb-content-wrapper\"><div class=\"vc_row wpb_row vc_row-fluid tablet-bg-img-hidden wd-rs-69aa9512412fa\"><div data-vc-parallax=\"1.5\" class=\"wpb_column vc_column_container vc_col-sm-12 vc_col-has-fill vc_general vc_parallax vc_parallax-content-moving wd-rs-69aa95de91de6\"><div class=\"vc_column-inner\"><div class=\"wpb_wrapper\">\n\t<div class=\"wpb_text_column wpb_content_element\" >\n\t\t<div class=\"wpb_wrapper\">\n\t\t\t<h1><strong>Colaborarea cu compania noastr\u0103<\/strong><\/h1>\n<h1>Suntem \u00eenc\u00e2nta\u021bi s\u0103 oferim partenerilor no\u0219tri o gam\u0103 larg\u0103 de \u021bes\u0103turi de \u00eenalt\u0103 calitate:<\/h1>\n<ul>\n<li>\n<h1>Peste 50 de colec\u021bii de \u021bes\u0103turi \u0219i piele disponibile permanent \u00een depozitul din Chi\u0219in\u0103u;<\/h1>\n<\/li>\n<li>\n<h1>Colec\u021biile sunt disponibile suplimentar la comand\u0103;<\/h1>\n<\/li>\n<li>\n<h1>La comand\u0103, \u021bes\u0103turi de design, pentru exterior, matlasate;<\/h1>\n<\/li>\n<li>\n<h1>Furniz\u0103m mostre produc\u0103torilor, saloanelor \u0219i designerilor;<\/h1>\n<\/li>\n<li>\n<h1>V\u00e2nzare at\u00e2t \u00een role, c\u00e2t \u0219i la metru, cu lungimi de 50 cm \u0219i pas de t\u0103iere de 10 cm.<\/h1>\n<\/li>\n<\/ul>\n<h1><strong>Condi\u021bii de colaborare:<\/strong><\/h1>\n<h1><strong>1. Comanda:<\/strong><\/h1>\n<ul>\n<li>\n<h1>\u0443\u043a\u0430\u0436\u0438\u0442\u0435 \u043a\u043e\u043b\u043b\u0435\u043a\u0446\u0438\u044e, \u043d\u043e\u043c\u0435\u0440 \u0446\u0432\u0435\u0442\u0430 \u0438 \u043d\u0435\u043e\u0431\u0445\u043e\u0434\u0438\u043c\u044b\u0439 \u043c\u0435\u0442\u0440\u0430\u0436;<\/h1>\n<\/li>\n<li>\n<h1>\u0443\u0442\u043e\u0447\u043d\u0438\u0442\u0435, \u043d\u0443\u0436\u043d\u043e \u043b\u0438 \u0441\u043b\u043e\u0436\u0438\u0442\u044c \u0442\u043a\u0430\u043d\u044c \u0438\u043b\u0438 \u043d\u0430\u043c\u043e\u0442\u0430\u0442\u044c \u043d\u0430 \u0440\u0443\u043b\u043e\u043d;<\/h1>\n<\/li>\n<li>\n<h1>\u043f\u0440\u0435\u0434\u043e\u0441\u0442\u0430\u0432\u044c\u0442\u0435 \u0434\u0430\u043d\u043d\u044b\u0435 \u0434\u043b\u044f \u0432\u044b\u043f\u0438\u0441\u043a\u0438 \u0441\u0447\u0435\u0442\u0430.<\/h1>\n<\/li>\n<\/ul>\n<h1><strong>2. \u041e\u043f\u043b\u0430\u0442\u0430:<\/strong><\/h1>\n<ul>\n<li>\n<h1>plata f\u0103r\u0103 numerar \u00een contul SRL Dinasas-Com (cu TVA);<\/h1>\n<\/li>\n<li>\n<h1>la cas\u0103, \u00een numerar, la ridicarea din depozitul din Chi\u0219in\u0103u.<\/h1>\n<\/li>\n<\/ul>\n<h1><strong>3. Mostre:<\/strong><\/h1>\n<ul>\n<li>\n<h1>la cererea dumneavoastr\u0103, v\u0103 punem la dispozi\u021bie fotografii \u0219i videoclipuri de calitate cu mostre ale \u021bes\u0103turilor noastre;<\/h1>\n<\/li>\n<li>\n<h1>posibilitatea de a vedea mostre din colec\u021biile din depozit;<\/h1>\n<\/li>\n<\/ul>\n<h1>Pentru partenerii profesioni\u0219ti (produc\u0103tori de mobil\u0103, saloane de mobil\u0103 \u0219i designeri) oferim condi\u021bii speciale de colaborare. Pentru informa\u021bii detaliate, v\u0103 rug\u0103m s\u0103 contacta\u021bi departamentul nostru de v\u00e2nz\u0103ri.<\/h1>\n<h1><strong>Contacte pentru colaborare:<\/strong><\/h1>\n<h1><span lang=\"RU\">Pentru colabor\u0103ri en gros, scrie\u021bi la adresa de e-mail <a href=\"mailto:dinasascom@gmail.com\">dinasascom@gmail.com<\/a><\/span><\/h1>\n<h1><span lang=\"RU\">&nbsp;sau pe Viber <\/span><strong>+37368500550<\/strong>.<\/h1>\n<h1><strong>Apreciem fiecare client \u0219i suntem \u00eentotdeauna preg\u0103ti\u021bi pentru o colaborare reciproc avantajoas\u0103!<\/strong><\/h1>\n<p>&nbsp;<\/p>\n\n\t\t<\/div>\n\t<\/div>\n<\/div><\/div><\/div><\/div>\n<\/div>","protected":false},"excerpt":{"rendered":"\u0421\u043e\u0442\u0440\u0443\u0434\u043d\u0438\u0447\u0435\u0441\u0442\u0432\u043e \u0441 \u043d\u0430\u0448\u0435\u0439 \u043a\u043e\u043c\u043f\u0430\u043d\u0438\u0435\u0439 \u041c\u044b \u0440\u0430\u0434\u044b \u043f\u0440\u0435\u0434\u043b\u043e\u0436\u0438\u0442\u044c \u0448\u0438\u0440\u043e\u043a\u0438\u0439 \u0430\u0441\u0441\u043e\u0440\u0442\u0438\u043c\u0435\u043d\u0442 \u0432\u044b\u0441\u043e\u043a\u043e\u043a\u0430\u0447\u0435\u0441\u0442\u0432\u0435\u043d\u043d\u044b\u0445 \u0442\u043a\u0430\u043d\u0435\u0439 \u0434\u043b\u044f \u043d\u0430\u0448\u0438\u0445 \u043f\u0430\u0440\u0442\u043d\u0435\u0440\u043e\u0432: \u0411\u043e\u043b\u0435\u0435 50 \u043a\u043e\u043b\u043b\u0435\u043a\u0446\u0438\u0438 \u0442\u043a\u0430\u043d\u0435\u0439 \u0438 \u043a\u043e\u0436\u0438","protected":false},"author":19,"featured_media":0,"parent":0,"menu_order":0,"comment_status":"closed","ping_status":"closed","template":"","meta":{"_monsterinsights_skip_tracking":false,"_monsterinsights_sitenote_active":false,"_monsterinsights_sitenote_note":"","_monsterinsights_sitenote_category":0,"footnotes":""},"class_list":["post-2285","page","type-page","status-publish","hentry"],"jetpack_sharing_enabled":true,"_links":{"self":[{"href":"https:\/\/dinasas.md\/ro\/wp-json\/wp\/v2\/pages\/2285","targetHints":{"allow":["GET"]}}],"collection":[{"href":"https:\/\/dinasas.md\/ro\/wp-json\/wp\/v2\/pages"}],"about":[{"href":"https:\/\/dinasas.md\/ro\/wp-json\/wp\/v2\/types\/page"}],"author":[{"embeddable":true,"href":"https:\/\/dinasas.md\/ro\/wp-json\/wp\/v2\/users\/19"}],"replies":[{"embeddable":true,"href":"https:\/\/dinasas.md\/ro\/wp-json\/wp\/v2\/comments?post=2285"}],"version-history":[{"count":1,"href":"https:\/\/dinasas.md\/ro\/wp-json\/wp\/v2\/pages\/2285\/revisions"}],"predecessor-version":[{"id":2287,"href":"https:\/\/dinasas.md\/ro\/wp-json\/wp\/v2\/pages\/2285\/revisions\/2287"}],"wp:attachment":[{"href":"https:\/\/dinasas.md\/ro\/wp-json\/wp\/v2\/media?parent=2285"}],"curies":[{"name":"wp","href":"https:\/\/api.w.org\/{rel}","templated":true}]}}